{"id":1075,"date":"2020-11-12T09:53:42","date_gmt":"2020-11-12T09:53:42","guid":{"rendered":"https:\/\/maritinastudios.com\/location\/"},"modified":"2025-06-06T11:51:12","modified_gmt":"2025-06-06T09:51:12","slug":"location","status":"publish","type":"page","link":"https:\/\/maritinastudios.com\/sr\/location\/","title":{"rendered":"Lokacija"},"content":{"rendered":"\n<h2 id=\"block-3ebe90-99\" class=\"wp-block-gutenbee-heading block-3ebe90-99\">Daleko od gu\u017eve, na mirnoj lokaciji<\/h2><style>.wp-block-gutenbee-heading.block-3ebe90-99 { text-align: center; }<\/style>\n\n\n\n<p>Nalazimo se na mirnom mestu u Pefkohoriju na Halkidikiju, daleko od gu\u017eve u centru sela. U\u017eivajte u snu i opustite se kod nas.<\/p>\n\n\n\n<p id=\"block-fe0770-7b\" class=\"wp-block-gutenbee-paragraph block-fe0770-7b\">Nalazimo se 500 metara od pla\u017ee Pefkohori i 450 metara od starog trga u selu.<\/p><style>.wp-block-gutenbee-paragraph.block-fe0770-7b { text-align: left; }<\/style>\n\n\n\n<h2 id=\"block-2a0199-ab31-43\" class=\"wp-block-gutenbee-heading block-2a0199-ab31-43\">Kako doc\u0301i ovde<\/h2><style>.wp-block-gutenbee-heading.block-2a0199-ab31-43 { text-align: center; }<\/style>\n\n\n\n<div class=\"wp-block-group alignwide\"><div class=\"wp-block-group__inner-container is-layout-flow wp-block-group-is-layout-flow\">\n<div id=\"block-6a85dd-375c-47\" class=\"wp-block-gutenbee-container block-6a85dd-375c-47\"><style>.wp-block-gutenbee-container.block-6a85dd-375c-47 { margin-bottom: 0px; }<\/style><div class=\"wp-block-gutenbee-container-inner\"><div class=\"wp-block-gutenbee-container-row wp-block-gutenbee-container-none\">\n<div class=\"wp-block-gutenbee-column block-1cdcc0-c55d-48\"><style>.wp-block-gutenbee-column.block-1cdcc0-c55d-48 { flex-basis: 50%; }\n\n\n      @media (max-width: 991px) {\n        .wp-block-gutenbee-column.block-1cdcc0-c55d-48 { flex-basis: 100%; }\n      }\n    \n\n      @media (max-width: 575px) {\n        .wp-block-gutenbee-column.block-1cdcc0-c55d-48 { flex-basis: 100%; }\n      }<\/style><div class=\"wp-block-gutenbee-column-content\">\n<iframe src=\"https:\/\/www.google.com\/maps\/embed?pb=!1m18!1m12!1m3!1d9989.26412904747!2d23.606873523266803!3d39.989490471534864!2m3!1f0!2f0!3f0!3m2!1i1024!2i768!4f13.1!3m3!1m2!1s0x14a625a0ad6588a5%3A0x662ed29322ee099a!2sMARTINA%20aparthotel%20Pefkohori!5e0!3m2!1sel!2sgr!4v1651987899092!5m2!1sel!2sgr\" width=\"600\" height=\"450\" style=\"border:0;\" allowfullscreen=\"\" loading=\"lazy\" referrerpolicy=\"no-referrer-when-downgrade\"><\/iframe>\n<\/div><\/div>\n\n\n\n<div class=\"wp-block-gutenbee-column block-ca1bb2-4010-48\"><style>.wp-block-gutenbee-column.block-ca1bb2-4010-48 > .wp-block-gutenbee-column-content { margin: 50px 50px 50px 50px; justify-content: flex-start; [object Object] }\n.wp-block-gutenbee-column.block-ca1bb2-4010-48 { flex-basis: 50%; }\n\n\n      @media (max-width: 991px) {\n        .wp-block-gutenbee-column.block-ca1bb2-4010-48 { flex-basis: 100%; }\n      }\n    \n\n      @media (max-width: 575px) {\n        .wp-block-gutenbee-column.block-ca1bb2-4010-48 { flex-basis: 100%; }\n      }<\/style><div class=\"wp-block-gutenbee-column-content\">\n<h3 id=\"block-03c0c5-e34c-4f\" class=\"wp-block-gutenbee-heading block-03c0c5-e34c-4f\">GPS<\/h3><style>.wp-block-gutenbee-heading.block-03c0c5-e34c-4f { margin-bottom: 15px; }<\/style>\n\n\n\n<p id=\"block-bb34cd-91e1-44\" class=\"wp-block-gutenbee-paragraph block-bb34cd-91e1-44\"><a href=\"https:\/\/www.google.gr\/maps\/place\/MARTINA+aparthotel+Pefkohori\/@39.9882534,23.6089844,16.75z\/data=!4m5!3m4!1s0x14a625a0ad6588a5:0x662ed29322ee099a!8m2!3d39.9881305!4d23.6081515?hl=el\" data-type=\"URL\" data-id=\"https:\/\/www.google.gr\/maps\/place\/MARTINA+aparthotel+Pefkohori\/@39.9882534,23.6089844,16.75z\/data=!4m5!3m4!1s0x14a625a0ad6588a5:0x662ed29322ee099a!8m2!3d39.9881305!4d23.6081515?hl=el\" target=\"_blank\" rel=\"noreferrer noopener\">39.9882534, 23.6089844<\/a><\/p><style>.wp-block-gutenbee-paragraph.block-bb34cd-91e1-44 { text-align: left; }<\/style>\n<\/div><\/div>\n<\/div><\/div><div class=\"wp-block-gutenbee-container-background\" data-parallax-speed=\"0.3\" style=\"background-color:#f9f9f9\"><\/div><\/div>\n\n\n\n<div id=\"block-63394d-79bd-49\" class=\"wp-block-gutenbee-container block-63394d-79bd-49 row-reverse-tablet row-reverse-mobile\"><style>.wp-block-gutenbee-container.block-63394d-79bd-49 { margin-bottom: 0px; }<\/style><div class=\"wp-block-gutenbee-container-inner\"><div class=\"wp-block-gutenbee-container-row wp-block-gutenbee-container-none\">\n<div class=\"wp-block-gutenbee-column block-c6b480-2b2f-4b\"><style>.wp-block-gutenbee-column.block-c6b480-2b2f-4b > .wp-block-gutenbee-column-content { margin: 50px 50px 50px 50px; justify-content: flex-start; [object Object] }\n.wp-block-gutenbee-column.block-c6b480-2b2f-4b { flex-basis: 50%; }\n\n\n      @media (max-width: 991px) {\n        .wp-block-gutenbee-column.block-c6b480-2b2f-4b { flex-basis: 100%; }\n      }\n    \n\n      @media (max-width: 575px) {\n        .wp-block-gutenbee-column.block-c6b480-2b2f-4b { flex-basis: 100%; }\n      }<\/style><div class=\"wp-block-gutenbee-column-content\">\n<h3 id=\"block-b5dc3e-8c81-45\" class=\"wp-block-gutenbee-heading block-b5dc3e-8c81-45\"><strong>Driving Routes<\/strong><\/h3><style>.wp-block-gutenbee-heading.block-b5dc3e-8c81-45 { margin-bottom: 15px; }<\/style>\n\n\n\n<p>From Airport Makedonia Thessaloniki (95km)&nbsp;<\/p>\n\n\n\n<p>From Belgrade Serbia (737 km )<\/p>\n\n\n\n<p>From Sofia Bulgaria (400 km )<\/p>\n\n\n\n<p>From Skopje (340 km)&nbsp;<\/p>\n<\/div><\/div>\n\n\n\n<div class=\"wp-block-gutenbee-column block-ce061f-3ce4-4c\"><style>.wp-block-gutenbee-column.block-ce061f-3ce4-4c { flex-basis: 50%; }\n\n\n      @media (max-width: 991px) {\n        .wp-block-gutenbee-column.block-ce061f-3ce4-4c { flex-basis: 100%; }\n      }\n    \n\n      @media (max-width: 575px) {\n        .wp-block-gutenbee-column.block-ce061f-3ce4-4c { flex-basis: 100%; }\n      }<\/style><div class=\"wp-block-gutenbee-column-content\">\n<figure id=\"block-e49e67-3099-40\" class=\"wp-block-gutenbee-image block-e49e67-3099-40 size-large\"><img loading=\"lazy\" decoding=\"async\" width=\"1024\" height=\"683\" src=\"https:\/\/maritinastudios.com\/wp-content\/uploads\/2025\/06\/2025-6-1024x683.jpg\" alt=\"Maritina Studios Pefkochori\" class=\"wp-image-1532\" srcset=\"https:\/\/maritinastudios.com\/wp-content\/uploads\/2025\/06\/2025-6-1024x683.jpg 1024w, https:\/\/maritinastudios.com\/wp-content\/uploads\/2025\/06\/2025-6-300x200.jpg 300w, https:\/\/maritinastudios.com\/wp-content\/uploads\/2025\/06\/2025-6-768x512.jpg 768w, https:\/\/maritinastudios.com\/wp-content\/uploads\/2025\/06\/2025-6-870x580.jpg 870w, https:\/\/maritinastudios.com\/wp-content\/uploads\/2025\/06\/2025-6-615x410.jpg 615w, https:\/\/maritinastudios.com\/wp-content\/uploads\/2025\/06\/2025-6-1170x780.jpg 1170w, https:\/\/maritinastudios.com\/wp-content\/uploads\/2025\/06\/2025-6.jpg 1200w\" sizes=\"auto, (max-width: 1024px) 100vw, 1024px\" \/><\/figure>\n<\/div><\/div>\n<\/div><\/div><div class=\"wp-block-gutenbee-container-background\" data-parallax-speed=\"0.3\" style=\"background-color:#f9f9f9\"><\/div><\/div>\n\n\n\n<div id=\"block-e9b8e2-3ff0-46\" class=\"wp-block-gutenbee-container block-e9b8e2-3ff0-46\"><style>.wp-block-gutenbee-container.block-e9b8e2-3ff0-46 { margin-bottom: 0px; }<\/style><div class=\"wp-block-gutenbee-container-inner\"><div class=\"wp-block-gutenbee-container-row wp-block-gutenbee-container-none\">\n<div class=\"wp-block-gutenbee-column block-a49552-3537-45\"><style>.wp-block-gutenbee-column.block-a49552-3537-45 { flex-basis: 50%; }\n\n\n      @media (max-width: 991px) {\n        .wp-block-gutenbee-column.block-a49552-3537-45 { flex-basis: 100%; }\n      }\n    \n\n      @media (max-width: 575px) {\n        .wp-block-gutenbee-column.block-a49552-3537-45 { flex-basis: 100%; }\n      }<\/style><div class=\"wp-block-gutenbee-column-content\">\n<figure id=\"block-005ecd-7186-44\" class=\"wp-block-gutenbee-image block-005ecd-7186-44 size-large\"><img loading=\"lazy\" decoding=\"async\" width=\"1024\" height=\"640\" src=\"https:\/\/maritinastudios.com\/wp-content\/uploads\/2022\/05\/car-rentals-1024x640.jpg\" alt=\"\" class=\"wp-image-200\" srcset=\"https:\/\/maritinastudios.com\/wp-content\/uploads\/2022\/05\/car-rentals-1024x640.jpg 1024w, https:\/\/maritinastudios.com\/wp-content\/uploads\/2022\/05\/car-rentals-300x188.jpg 300w, https:\/\/maritinastudios.com\/wp-content\/uploads\/2022\/05\/car-rentals-768x480.jpg 768w, https:\/\/maritinastudios.com\/wp-content\/uploads\/2022\/05\/car-rentals.jpg 1200w\" sizes=\"auto, (max-width: 1024px) 100vw, 1024px\" \/><\/figure>\n<\/div><\/div>\n\n\n\n<div class=\"wp-block-gutenbee-column block-cebd43-0d3b-40\"><style>.wp-block-gutenbee-column.block-cebd43-0d3b-40 > .wp-block-gutenbee-column-content { margin: 50px 50px 50px 50px; justify-content: flex-start; [object Object] }\n.wp-block-gutenbee-column.block-cebd43-0d3b-40 { flex-basis: 50%; }\n\n\n      @media (max-width: 991px) {\n        .wp-block-gutenbee-column.block-cebd43-0d3b-40 { flex-basis: 100%; }\n      }\n    \n\n      @media (max-width: 575px) {\n        .wp-block-gutenbee-column.block-cebd43-0d3b-40 { flex-basis: 100%; }\n      }<\/style><div class=\"wp-block-gutenbee-column-content\">\n<h3 id=\"block-83bd46-4f6d-46\" class=\"wp-block-gutenbee-heading block-83bd46-4f6d-46\">Rent a Car in Halkidiki<\/h3><style>.wp-block-gutenbee-heading.block-83bd46-4f6d-46 { margin-bottom: 15px; }<\/style>\n\n\n\n<p id=\"block-c19b17-bd3d-4e\" class=\"wp-block-gutenbee-paragraph block-c19b17-bd3d-4e\">Najbolje cene za iznajmljivanje automobila na Halkidikiju, Gr\u010dka. <\/p><style>.wp-block-gutenbee-paragraph.block-c19b17-bd3d-4e { text-align: left; }<\/style>\n\n\n\n<p id=\"block-1d55c7-7828-46\" class=\"wp-block-gutenbee-paragraph block-1d55c7-7828-46\"><a href=\"https:\/\/www.chalkidiki-cars.com\/p22000en\/\" target=\"_blank\" rel=\"noreferrer noopener\">Rezervi\u0161ite rent-a-car<\/a> online ili transfer sa aerodroma i u\u0161tedite novac<\/p>\n<\/div><\/div>\n<\/div><\/div><div class=\"wp-block-gutenbee-container-background\" data-parallax-speed=\"0.3\" style=\"background-color:#f9f9f9\"><\/div><\/div>\n<\/div><\/div>\n\n\n\n<p id=\"block-5e7010-62\" class=\"wp-block-gutenbee-paragraph block-5e7010-62\" style=\"background-color:#f5f5f5\">Kontaktirajte nas za raspolo\u017eivost i cene boravka u Pefkohoriju <a data-type=\"URL\" data-id=\"\/book-now\/\" href=\"https:\/\/maritinastudios.com\/sr\/book-now\/\">Contact Form<\/a><\/p><style>.wp-block-gutenbee-paragraph.block-5e7010-62 { margin-bottom: 50px; padding: 15px 15px 15px 15px; font-size: 20px; text-align: center; }<\/style>\n","protected":false},"excerpt":{"rendered":"<p>500 metara od pla\u017ee<\/p>\n","protected":false},"author":1,"featured_media":0,"parent":0,"menu_order":0,"comment_status":"closed","ping_status":"closed","template":"templates\/template-fullwidth-narrow.php","meta":{"footnotes":""},"class_list":["post-1075","page","type-page","status-publish","hentry"],"yoast_head":"<!-- This site is optimized with the Yoast SEO plugin v27.4 - https:\/\/yoast.com\/product\/yoast-seo-wordpress\/ -->\n<title>Lokacija - Maritina Studios Pefkohori Halkidiki Gr\u010dka<\/title>\n<meta name=\"description\" content=\"Nalazimo se na mirnom mestu u Pefkohoriju na Halkidikiju, daleko od gu\u017eve u centru sela. U\u017eivajte u snu i opustite se kod nas\" \/>\n<meta name=\"robots\" content=\"index, follow, max-snippet:-1, max-image-preview:large, max-video-preview:-1\" \/>\n<link rel=\"canonical\" href=\"https:\/\/maritinastudios.com\/sr\/location\/\" \/>\n<meta property=\"og:locale\" content=\"sr_RS\" \/>\n<meta property=\"og:type\" content=\"article\" \/>\n<meta property=\"og:title\" content=\"Lokacija - Maritina Studios Pefkohori Halkidiki Gr\u010dka\" \/>\n<meta property=\"og:description\" content=\"Nalazimo se na mirnom mestu u Pefkohoriju na Halkidikiju, daleko od gu\u017eve u centru sela. U\u017eivajte u snu i opustite se kod nas\" \/>\n<meta property=\"og:url\" content=\"https:\/\/maritinastudios.com\/sr\/location\/\" \/>\n<meta property=\"og:site_name\" content=\"Maritina Studios\" \/>\n<meta property=\"article:publisher\" content=\"https:\/\/www.facebook.com\/maritiniastudios\/\" \/>\n<meta property=\"article:modified_time\" content=\"2025-06-06T09:51:12+00:00\" \/>\n<meta property=\"og:image\" content=\"https:\/\/maritinastudios.com\/wp-content\/uploads\/2025\/06\/2025-6.jpg\" \/>\n\t<meta property=\"og:image:width\" content=\"1200\" \/>\n\t<meta property=\"og:image:height\" content=\"800\" \/>\n\t<meta property=\"og:image:type\" content=\"image\/jpeg\" \/>\n<meta name=\"twitter:card\" content=\"summary_large_image\" \/>\n<meta name=\"twitter:label1\" content=\"\u041f\u0440\u043e\u0446\u0435\u045a\u0435\u043d\u043e \u0432\u0440\u0435\u043c\u0435 \u0447\u0438\u0442\u0430\u045a\u0430\" \/>\n\t<meta name=\"twitter:data1\" content=\"1 \u043c\u0438\u043d\u0443\u0442\" \/>\n<!-- \/ Yoast SEO plugin. -->","yoast_head_json":{"title":"Lokacija - Maritina Studios Pefkohori Halkidiki Gr\u010dka","description":"Nalazimo se na mirnom mestu u Pefkohoriju na Halkidikiju, daleko od gu\u017eve u centru sela. U\u017eivajte u snu i opustite se kod nas","robots":{"index":"index","follow":"follow","max-snippet":"max-snippet:-1","max-image-preview":"max-image-preview:large","max-video-preview":"max-video-preview:-1"},"canonical":"https:\/\/maritinastudios.com\/sr\/location\/","og_locale":"sr_RS","og_type":"article","og_title":"Lokacija - Maritina Studios Pefkohori Halkidiki Gr\u010dka","og_description":"Nalazimo se na mirnom mestu u Pefkohoriju na Halkidikiju, daleko od gu\u017eve u centru sela. U\u017eivajte u snu i opustite se kod nas","og_url":"https:\/\/maritinastudios.com\/sr\/location\/","og_site_name":"Maritina Studios","article_publisher":"https:\/\/www.facebook.com\/maritiniastudios\/","article_modified_time":"2025-06-06T09:51:12+00:00","og_image":[{"width":1200,"height":800,"url":"https:\/\/maritinastudios.com\/wp-content\/uploads\/2025\/06\/2025-6.jpg","type":"image\/jpeg"}],"twitter_card":"summary_large_image","twitter_misc":{"\u041f\u0440\u043e\u0446\u0435\u045a\u0435\u043d\u043e \u0432\u0440\u0435\u043c\u0435 \u0447\u0438\u0442\u0430\u045a\u0430":"1 \u043c\u0438\u043d\u0443\u0442"},"schema":{"@context":"https:\/\/schema.org","@graph":[{"@type":"WebPage","@id":"https:\/\/maritinastudios.com\/sr\/location\/","url":"https:\/\/maritinastudios.com\/sr\/location\/","name":"Lokacija - Maritina Studios Pefkohori Halkidiki Gr\u010dka","isPartOf":{"@id":"https:\/\/maritinastudios.com\/#website"},"primaryImageOfPage":{"@id":"https:\/\/maritinastudios.com\/sr\/location\/#primaryimage"},"image":{"@id":"https:\/\/maritinastudios.com\/sr\/location\/#primaryimage"},"thumbnailUrl":"https:\/\/maritinastudios.com\/wp-content\/uploads\/2025\/06\/2025-6-1024x683.jpg","datePublished":"2020-11-12T09:53:42+00:00","dateModified":"2025-06-06T09:51:12+00:00","description":"Nalazimo se na mirnom mestu u Pefkohoriju na Halkidikiju, daleko od gu\u017eve u centru sela. U\u017eivajte u snu i opustite se kod nas","breadcrumb":{"@id":"https:\/\/maritinastudios.com\/sr\/location\/#breadcrumb"},"inLanguage":"sr-RS","potentialAction":[{"@type":"ReadAction","target":["https:\/\/maritinastudios.com\/sr\/location\/"]}]},{"@type":"ImageObject","inLanguage":"sr-RS","@id":"https:\/\/maritinastudios.com\/sr\/location\/#primaryimage","url":"https:\/\/maritinastudios.com\/wp-content\/uploads\/2025\/06\/2025-6-1024x683.jpg","contentUrl":"https:\/\/maritinastudios.com\/wp-content\/uploads\/2025\/06\/2025-6-1024x683.jpg"},{"@type":"BreadcrumbList","@id":"https:\/\/maritinastudios.com\/sr\/location\/#breadcrumb","itemListElement":[{"@type":"ListItem","position":1,"name":"Home","item":"https:\/\/maritinastudios.com\/sr\/"},{"@type":"ListItem","position":2,"name":"Lokacija"}]},{"@type":"WebSite","@id":"https:\/\/maritinastudios.com\/#website","url":"https:\/\/maritinastudios.com\/","name":"Maritina Studios","description":"Pefkohori Halkidiki Gr\u010dka","publisher":{"@id":"https:\/\/maritinastudios.com\/#organization"},"potentialAction":[{"@type":"SearchAction","target":{"@type":"EntryPoint","urlTemplate":"https:\/\/maritinastudios.com\/?s={search_term_string}"},"query-input":{"@type":"PropertyValueSpecification","valueRequired":true,"valueName":"search_term_string"}}],"inLanguage":"sr-RS"},{"@type":"Organization","@id":"https:\/\/maritinastudios.com\/#organization","name":"Maritina Studios Pefkochori","url":"https:\/\/maritinastudios.com\/","logo":{"@type":"ImageObject","inLanguage":"sr-RS","@id":"https:\/\/maritinastudios.com\/#\/schema\/logo\/image\/","url":"https:\/\/maritinastudios.com\/wp-content\/uploads\/2022\/05\/maritina-logo-3.png","contentUrl":"https:\/\/maritinastudios.com\/wp-content\/uploads\/2022\/05\/maritina-logo-3.png","width":250,"height":100,"caption":"Maritina Studios Pefkochori"},"image":{"@id":"https:\/\/maritinastudios.com\/#\/schema\/logo\/image\/"},"sameAs":["https:\/\/www.facebook.com\/maritiniastudios\/"]}]}},"_links":{"self":[{"href":"https:\/\/maritinastudios.com\/sr\/wp-json\/wp\/v2\/pages\/1075","targetHints":{"allow":["GET"]}}],"collection":[{"href":"https:\/\/maritinastudios.com\/sr\/wp-json\/wp\/v2\/pages"}],"about":[{"href":"https:\/\/maritinastudios.com\/sr\/wp-json\/wp\/v2\/types\/page"}],"author":[{"embeddable":true,"href":"https:\/\/maritinastudios.com\/sr\/wp-json\/wp\/v2\/users\/1"}],"replies":[{"embeddable":true,"href":"https:\/\/maritinastudios.com\/sr\/wp-json\/wp\/v2\/comments?post=1075"}],"version-history":[{"count":1,"href":"https:\/\/maritinastudios.com\/sr\/wp-json\/wp\/v2\/pages\/1075\/revisions"}],"predecessor-version":[{"id":1544,"href":"https:\/\/maritinastudios.com\/sr\/wp-json\/wp\/v2\/pages\/1075\/revisions\/1544"}],"wp:attachment":[{"href":"https:\/\/maritinastudios.com\/sr\/wp-json\/wp\/v2\/media?parent=1075"}],"curies":[{"name":"wp","href":"https:\/\/api.w.org\/{rel}","templated":true}]}}