{"id":1071,"date":"2022-05-08T07:15:30","date_gmt":"2022-05-08T05:15:30","guid":{"rendered":"https:\/\/maritinastudios.com\/pefkochori\/"},"modified":"2024-02-25T12:08:43","modified_gmt":"2024-02-25T10:08:43","slug":"pefkochori","status":"publish","type":"page","link":"https:\/\/maritinastudios.com\/sr\/pefkochori\/","title":{"rendered":"Pefkochori"},"content":{"rendered":"\n<div class=\"wp-block-group\"><div class=\"wp-block-group__inner-container is-layout-flow wp-block-group-is-layout-flow\">\n<div id=\"block-0bf1f5-7222-4c\" class=\"wp-block-gutenbee-image block-0bf1f5-7222-4c is-style-default\"><figure class=\"aligncenter size-full\"><img loading=\"lazy\" decoding=\"async\" width=\"1024\" height=\"640\" src=\"https:\/\/maritinastudios.com\/wp-content\/uploads\/2024\/02\/pefkochori-11-1024x640.jpg\" alt=\"\" class=\"wp-image-1281\" srcset=\"https:\/\/maritinastudios.com\/wp-content\/uploads\/2024\/02\/pefkochori-11-1024x640.jpg 1024w, https:\/\/maritinastudios.com\/wp-content\/uploads\/2024\/02\/pefkochori-11-300x188.jpg 300w, https:\/\/maritinastudios.com\/wp-content\/uploads\/2024\/02\/pefkochori-11-768x480.jpg 768w, https:\/\/maritinastudios.com\/wp-content\/uploads\/2024\/02\/pefkochori-11.jpg 1200w\" sizes=\"auto, (max-width: 1024px) 100vw, 1024px\" \/><\/figure><\/div>\n<\/div><\/div>\n\n\n\n<div id=\"block-9942c4-71\" class=\"wp-block-gutenbee-container block-9942c4-71\"><div class=\"wp-block-gutenbee-container-inner\"><div class=\"wp-block-gutenbee-container-row wp-block-gutenbee-container-lg\">\n<div class=\"wp-block-gutenbee-column block-db93f2-7a\"><style>.wp-block-gutenbee-column.block-db93f2-7a { flex-basis: 33.33%; }\n\n\n      @media (max-width: 991px) {\n        .wp-block-gutenbee-column.block-db93f2-7a { flex-basis: 100%; }\n      }\n    \n\n      @media (max-width: 575px) {\n        .wp-block-gutenbee-column.block-db93f2-7a { flex-basis: 100%; }\n      }<\/style><div class=\"wp-block-gutenbee-column-content\">\n<div id=\"block-e4b534-fe44-4d\" class=\"wp-block-gutenbee-iconbox block-e4b534-fe44-4d wp-block-gutenbee-iconbox-align-left\"><div id=\"block-e4b534-fe44-4d-icon\" class=\"block-e4b534-fe44-4d-icon gutenbee-icon-block align-left gutenbee-icon-block-default\"><style>.gutenbee-icon-block.block-e4b534-fe44-4d-icon .gutenbee-icon-block-icon-wrap { font-size: 40px; }\n.gutenbee-icon-block.block-e4b534-fe44-4d-icon svg { width: 40px; height: 40px; }<\/style><span class=\"gutenbee-icon-block-icon-wrap\" style=\"color:#0188e4;background-color:transparent;border-color:transparent;width:auto;height:auto;border-width:3px\"><svg viewBox=\"0 0 24 24\" class=\"\" preserveAspectRatio=\"xMidYMid meet\"><path fill=\"#5c6671\" d=\"M23.671 5.03l-5.5-2a.484.484 0 00-.169-.03h-.001l-.012.002a.467.467 0 00-.147.024l-5.835 1.945-5.336-1.94a.5.5 0 00-.17-.03H6.5l-.012.002a.462.462 0 00-.147.024l-6 2a.5.5 0 00-.342.474v15a.499.499 0 00.659.474l5.835-1.945 5.336 1.94c.055.02.112.03.169.03h.001c.005 0 .008-.002.013-.003a.478.478 0 00.145-.023l5.835-1.945 5.336 1.94a.49.49 0 00.17.03h.001a.5.5 0 00.5-.5v-15a.501.501 0 00-.329-.47zM23 12.286l-4.5-1.636V4.214L23 5.85v6.436zm-5.5-1.646l-5 1.666V5.86l5-1.666v6.446zm-6 1.646L7 10.65V4.214l4.5 1.636v6.436zM7 11.714l4.5 1.636v6.436L7 18.15v-6.436zm5.5 1.646l5-1.666v6.446l-5 1.667v-6.446zM6 4.194v6.446l-5 1.667V5.861l5-1.667zM1 13.36l5-1.666v6.446l-5 1.666V13.36zm17.5 4.79v-6.436L23 13.35v6.436l-4.5-1.636zM3.776 16.917a.5.5 0 01-.693-.141 5.184 5.184 0 01-.487-.995.5.5 0 11.933-.358c.129.337.264.614.388.802a.5.5 0 01-.141.693zm18.578-2.271a.5.5 0 00-.707 0l-.204.204a.496.496 0 00.057-.202c.017-.343.01-.7-.019-1.062a.516.516 0 00-.536-.46.5.5 0 00-.46.537c.024.32.031.634.017.938a.478.478 0 00.071.264l-.219-.219a.5.5 0 00-.707.707l.646.646-.646.646a.5.5 0 00.708.707l.646-.646.646.646a.498.498 0 00.708 0 .5.5 0 000-.707l-.646-.646.646-.646a.5.5 0 000-.707zm-1.575.426c.06.03.126.049.197.052l.021.001h.004a.477.477 0 00.236-.068l-.236.236-.221-.221z\"><\/path><\/svg><\/span><\/div><div class=\"wp-block-gutenbee-iconbox-content\"><h5 class=\"wp-block-gutenbee-iconbox-title\">Lokacija<\/h5><p class=\"wp-block-gutenbee-iconbox-text\">Nalazi se na isto\u010dnoj obali poluostrva Kasandra<\/p><\/div><\/div>\n\n\n\n<div id=\"block-f5d808-1931-48\" class=\"wp-block-gutenbee-iconbox block-f5d808-1931-48 wp-block-gutenbee-iconbox-align-left\"><div id=\"block-f5d808-1931-48-icon\" class=\"block-f5d808-1931-48-icon gutenbee-icon-block align-left gutenbee-icon-block-default\"><style>.gutenbee-icon-block.block-f5d808-1931-48-icon .gutenbee-icon-block-icon-wrap { font-size: 40px; }\n.gutenbee-icon-block.block-f5d808-1931-48-icon svg { width: 40px; height: 40px; }<\/style><span class=\"gutenbee-icon-block-icon-wrap\" style=\"color:#0188e4;background-color:transparent;border-color:transparent;width:auto;height:auto;border-width:3px\"><svg viewBox=\"0 0 24 24\" class=\"\" preserveAspectRatio=\"xMidYMid meet\"><path fill=\"#5c6671\" d=\"M22.967 11.994l-7.956-5.746c.022-.96-.013-4.115-1.346-5.524a2.273 2.273 0 00-3.328 0C9.004 2.133 8.969 5.288 8.991 6.248l-7.956 5.746a2.506 2.506 0 00-1.036 2.027v.478a.498.498 0 00.603.489l8.94-1.882.443 6.202-2.839 2.839a.495.495 0 00-.147.354v1a.503.503 0 00.676.468l3.515-1.318.336 1.008c.136.408.813.408.948 0l.336-1.008 3.515 1.318a.49.49 0 00.175.032h.001c.001 0 0 0 0 0a.501.501 0 00.5-.5v-1a.495.495 0 00-.147-.353l-2.839-2.839.443-6.202 8.94 1.882a.502.502 0 00.603-.489v-.478c0-.8-.387-1.558-1.036-2.027zm-8.862.015a.503.503 0 00-.602.454l-.5 7.001a.494.494 0 00.145.389l2.854 2.854v.071l-3.325-1.247a.507.507 0 00-.391.017.501.501 0 00-.258.29l-.027.081-.026-.077a.503.503 0 00-.65-.31L8 22.779v-.071l2.854-2.854a.497.497 0 00.145-.389l-.5-7.001a.498.498 0 00-.602-.454l-8.891 1.872c.04-.427.264-.822.615-1.076l8.172-5.902a.499.499 0 00.206-.433c-.057-1.033.022-3.956 1.064-5.057.529-.559 1.345-.56 1.874 0 1.04 1.099 1.121 4.024 1.065 5.058-.01.17.068.333.206.433l8.172 5.902c.352.254.575.649.615 1.076l-8.891-1.872zm-.618-7.633a.5.5 0 11-.97.242c-.001-.003-.178-.621-.515-.621s-.514.618-.516.624a.502.502 0 01-.608.359.497.497 0 01-.361-.604c.128-.512.585-1.379 1.485-1.379s1.357.867 1.485 1.379z\"><\/path><\/svg><\/span><\/div><div class=\"wp-block-gutenbee-iconbox-content\"><h5 class=\"wp-block-gutenbee-iconbox-title\">Udaljenost od aerodroma<\/h5><p class=\"wp-block-gutenbee-iconbox-text\">SKG Macedonia Thessaloniki<br>95 km (1 h 9 m)<\/p><\/div><\/div>\n\n\n\n<div id=\"block-36d102-7246-47\" class=\"wp-block-gutenbee-iconbox block-36d102-7246-47 wp-block-gutenbee-iconbox-align-left\"><div id=\"block-36d102-7246-47-icon\" class=\"block-36d102-7246-47-icon gutenbee-icon-block align-left gutenbee-icon-block-default\"><style>.gutenbee-icon-block.block-36d102-7246-47-icon .gutenbee-icon-block-icon-wrap { font-size: 40px; }\n.gutenbee-icon-block.block-36d102-7246-47-icon svg { width: 40px; height: 40px; }<\/style><span class=\"gutenbee-icon-block-icon-wrap\" style=\"color:#0188e4;background-color:transparent;border-color:transparent;width:auto;height:auto;border-width:3px\"><svg viewBox=\"0 0 24 24\" class=\"\" preserveAspectRatio=\"xMidYMid meet\"><path fill=\"#5c6671\" d=\"M12 0C5.383 0 0 5.383 0 12s5.383 12 12 12 12-5.383 12-12S18.617 0 12 0zm0 23C5.935 23 1 18.065 1 12S5.935 1 12 1s11 4.935 11 11-4.935 11-11 11zm1-20c-1.654 0-3 1.346-3 3s1.346 3 3 3 3-1.346 3-3-1.346-3-3-3zm0 5c-1.103 0-2-.897-2-2s.897-2 2-2 2 .897 2 2-.897 2-2 2zm.916 11.007c-.597.103-1.614.096-1.911-.242-.106-.122-.115-.33-.049-.56C12.297 17.448 14 13.613 14 12.5c0-.934-.455-2.5-3.5-2.5-2.503 0-3.326 1.092-3.412 1.217a.503.503 0 00.496.777c.598-.101 1.614-.094 1.911.242.106.122.115.33.049.56-.341.757-2.044 4.592-2.044 5.705 0 .934.455 2.5 3.5 2.5 2.503 0 3.326-1.092 3.412-1.217a.503.503 0 00-.496-.777zM11 20c-2.5 0-2.5-1.129-2.5-1.5 0-.695 1.199-3.616 1.978-5.353.246-.801.01-1.296-.231-1.571-.209-.238-.494-.392-.804-.489A5.957 5.957 0 0110.501 11c2.5 0 2.5 1.129 2.5 1.5 0 .695-1.199 3.616-1.978 5.353-.246.801-.01 1.296.231 1.571.209.238.494.392.804.489A5.957 5.957 0 0111 20z\"><\/path><\/svg><\/span><\/div><div class=\"wp-block-gutenbee-iconbox-content\"><h5 class=\"wp-block-gutenbee-iconbox-title\">Highlight<\/h5><p class=\"wp-block-gutenbee-iconbox-text\">Ve\u010dera u malim tavernama ili u luksuznim restoranima.<br>Bogat noc\u0301ni \u017eivot<\/p><\/div><\/div>\n\n\n\n<div id=\"block-9e704e-9afc-4d\" class=\"wp-block-gutenbee-iconbox block-9e704e-9afc-4d wp-block-gutenbee-iconbox-align-left\"><div id=\"block-9e704e-9afc-4d-icon\" class=\"block-9e704e-9afc-4d-icon gutenbee-icon-block align-left gutenbee-icon-block-default\"><style>.gutenbee-icon-block.block-9e704e-9afc-4d-icon .gutenbee-icon-block-icon-wrap { font-size: 40px; }\n.gutenbee-icon-block.block-9e704e-9afc-4d-icon svg { width: 40px; height: 40px; }<\/style><span class=\"gutenbee-icon-block-icon-wrap\" style=\"color:#0188e4;background-color:transparent;border-color:transparent;width:auto;height:auto;border-width:3px\"><svg viewBox=\"0 0 24 24\" class=\"\" preserveAspectRatio=\"xMidYMid meet\"><path fill=\"#5c6671\" d=\"M23.091 19.507c-1.944-1.626-6.463-5.418-8.68-7.389C15.508 11.411 16.575 11 17 11c.711 0 3.029-2.417 6.889-7.185a.5.5 0 00-.035-.668l-3-3a.499.499 0 00-.668-.035c-4.768 3.86-7.185 6.177-7.185 6.889 0 .371-.316 1.237-.866 2.181a4.414 4.414 0 01-.134-1.181c0-1.141-7.367-6.431-9.209-7.574A1.802 1.802 0 00.943.383c-.59.328-.942.928-.942 1.605 0 .541.235 1.05.646 1.396.81.684 2.598 2.425 4.49 4.268 1.651 1.608 3.348 3.261 4.56 4.372C7.456 14.023 2.57 18.12.908 19.51A2.532 2.532 0 000 21.458a2.547 2.547 0 002.544 2.544c.755 0 1.465-.331 1.948-.908 1.394-1.668 5.517-6.585 7.507-8.814 1.929 2.159 5.836 6.815 7.506 8.812.483.578 1.194.91 1.95.91a2.547 2.547 0 002.544-2.544c0-.756-.331-1.466-.909-1.949zM5.834 6.934C3.928 5.078 2.128 3.325 1.291 2.618A.823.823 0 011 1.987c0-.309.16-.582.428-.731a.825.825 0 01.835.02C5.311 3.167 10.474 7.267 11 8.088c.001.521.025 1.254.446 2.124l-.068.089c-.236.306-.48.594-.731.846-.055.055-.133.128-.208.2-1.203-1.099-2.929-2.781-4.604-4.412zM3.725 22.451a1.545 1.545 0 11-2.176-2.176c2.398-2.005 7.914-6.637 9.553-8.181.098-.092.184-.174.251-.241.091-.091.177-.195.266-.292.095-.104.193-.203.285-.312.054-.064.104-.136.156-.202.123-.155.247-.309.361-.469l.021-.027c.002-.003.001-.006.003-.008.933-1.314 1.55-2.751 1.541-3.458.229-.589 3.412-3.413 6.477-5.912l.328.328-4.646 4.646a.5.5 0 00.708.707l4.646-4.646.293.293-4.646 4.646a.5.5 0 00.708.707L22.5 3.208l.328.328c-2.499 3.066-5.32 6.248-5.828 6.465-.798 0-2.332.667-3.687 1.66l-.005.003c-.045.033-.083.066-.127.1-.16.121-.32.242-.472.371a8.842 8.842 0 00-.797.758c-1.537 1.631-6.179 7.158-8.186 9.56zM21.456 23a1.54 1.54 0 01-1.183-.551c-1.692-2.024-5.677-6.771-7.595-8.912l.175-.183c.21-.21.443-.415.703-.621l.022-.017c2.166 1.936 6.875 5.889 8.872 7.559a1.545 1.545 0 01-.994 2.726z\"><\/path><\/svg><\/span><\/div><div class=\"wp-block-gutenbee-iconbox-content\"><h5 class=\"wp-block-gutenbee-iconbox-title\">Gde jesti<\/h5><p class=\"wp-block-gutenbee-iconbox-text\">-Villa Elia Traditional food<br>-Bistro Greek food fish and meat. <\/p><\/div><\/div>\n\n\n\n<div id=\"block-75a65a-6ddf-42\" class=\"wp-block-gutenbee-iconbox block-75a65a-6ddf-42 wp-block-gutenbee-iconbox-align-left\"><div id=\"block-75a65a-6ddf-42-icon\" class=\"block-75a65a-6ddf-42-icon gutenbee-icon-block align-left gutenbee-icon-block-default\"><style>.gutenbee-icon-block.block-75a65a-6ddf-42-icon .gutenbee-icon-block-icon-wrap { font-size: 40px; }\n.gutenbee-icon-block.block-75a65a-6ddf-42-icon svg { width: 40px; height: 40px; }<\/style><span class=\"gutenbee-icon-block-icon-wrap\" style=\"color:#0188e4;background-color:transparent;border-color:transparent;width:auto;height:auto;border-width:3px\"><svg viewBox=\"0 0 18 24\" class=\"\" preserveAspectRatio=\"xMidYMid meet\"><path fill=\"#5c6671\" d=\"M11.758 16.4C14.089 15.069 18 12.273 18 8.5 18 3.664 16.011.375 15.926.238A.5.5 0 0015.5 0h-13a.5.5 0 00-.426.238C1.989.376 0 3.664 0 8.5c0 3.772 3.911 6.569 6.242 7.9.468.267.758.767.758 1.303v2.561c0 .571-.318 1.085-.829 1.341l-2.895 1.447a.5.5 0 00.224.947h11a.5.5 0 00.224-.947l-2.895-1.447A1.493 1.493 0 0111 20.264v-2.561c0-.537.291-1.036.758-1.303zm-.376 6.1l1 .5H5.618l1-.5A2.486 2.486 0 008 20.264v-2.561c0-.895-.484-1.727-1.262-2.171C5.013 14.547 1 11.889 1 8.5 1 4.671 2.357 1.818 2.793 1h12.415C15.645 1.815 17 4.658 17 8.5c0 3.389-4.013 6.046-5.738 7.032A2.507 2.507 0 0010 17.703v2.561c0 .953.529 1.809 1.382 2.236zM16 8.483a.5.5 0 00-.487-.5c-3.031-.08-4.659-.511-6.382-.967-1.679-.444-3.416-.904-6.481-.997-.258.015-.477.181-.511.434A15.566 15.566 0 002 8.5c0 2.864 3.66 5.264 5.25 6.173a3.482 3.482 0 001.745.474c.605 0 1.213-.161 1.771-.484 1.574-.899 5.233-3.299 5.233-6.18zm-8.271 5.312c-2.287-1.306-4.73-3.383-4.73-5.295 0-.479.026-.969.077-1.464 2.664.117 4.188.521 5.798.947 1.604.425 3.261.863 6.079.982-.346 1.777-2.583 3.63-4.705 4.843a2.48 2.48 0 01-2.52-.012z\"><\/path><\/svg><\/span><\/div><div class=\"wp-block-gutenbee-iconbox-content\"><h5 class=\"wp-block-gutenbee-iconbox-title\">Gde piti<\/h5><p class=\"wp-block-gutenbee-iconbox-text\">&#8211; Cucurendu Cafe Bar<br>&#8211; Orca cocktail bar.<\/p><\/div><\/div>\n<\/div><\/div>\n\n\n\n<div class=\"wp-block-gutenbee-column block-56e68f-4f\"><style>.wp-block-gutenbee-column.block-56e68f-4f { flex-basis: 66.66%; }\n\n\n      @media (max-width: 991px) {\n        .wp-block-gutenbee-column.block-56e68f-4f { flex-basis: 100%; }\n      }\n    \n\n      @media (max-width: 575px) {\n        .wp-block-gutenbee-column.block-56e68f-4f { flex-basis: 100%; }\n      }<\/style><div class=\"wp-block-gutenbee-column-content\">\n<h2 id=\"block-73097f-b1\" class=\"wp-block-gutenbee-heading block-73097f-b1\">Pefkohori poluostrvo Kasandra<\/h2>\n\n\n\n<p><strong>Pefkohori <\/strong>je jedan od najrazvijenijih letovali\u0161ta na Kasandri i Halkidikiju, koji kombinuje zadivljujuc\u0301i pejza\u017e, razvijene pla\u017ee i neverovatnu klimu, sa svime \u0161to je potrebno za miran odmor.<\/p>\n\n\n\n<p>Sve \u0161to vam treba tokom odmora je lako dostupno u Pefkohoriju. Pefkohori Halkidiki ima razne moguc\u0301nosti sme\u0161taja, uklju\u010dujuc\u0301i hotelske komplekse i pojedina\u010dne vile koje iznajmljuju stanove i studije.<\/p>\n\n\n\n<p>Pefkohori ima \u017eivahan noc\u0301ni \u017eivot, kao i nekoliko prodavnica suvenira, butika i prodavnica nakita. Njegovi restorani i taverne imaju posebno lepo okru\u017eenje i pru\u017eaju odli\u010dne obroke koje najbolje prati \u0161olja tipi\u010dnog lokalnog pic\u0301a.<\/p>\n\n\n\n<p>Noc\u0301ni \u017eivot je podjednako zabavan, pru\u017eajuc\u0301i vam uspomene koje traju ceo \u017eivot.<\/p>\n\n\n\n<p>Tokom dana, pla\u017ea Pefkohori postaje prelepo \u0161etali\u0161te, a \u0161etnje po mese\u010dini su neophodne za svakog gosta koji \u017eeli da provede zaista fascinantan boravak u Pefkohoriju.<\/p>\n\n\n\n<p>Kristalno \u010disto more koje zapljuskuje savremenu pla\u017eu uvek je primamljivo. Okolni borovi pru\u017eaju izvanrednu pozadinu, ulivaju\u0107i vazduh divnim mirisima.<\/p>\n\n\n\n<div id=\"block-dad8ad-5003-4a\" class=\"wp-block-gutenbee-justified-gallery block-dad8ad-5003-4a wp-block-gutenbee-gallery-columns gutenbee-columns-2\" data-gallery-type=\"columns\" data-row-height=\"120\" data-margins=\"1\" data-last-row=\"nojustify\" data-randomize=\"false\"><style>.wp-block-gutenbee-justified-gallery.block-dad8ad-5003-4a { margin-top: 0px; }<\/style><div class=\"wp-block-gutenbee-gallery-content\"><div class=\"wp-block-gutenbee-gallery-item\"><a class=\"wp-block-gutenbee-gallery-item-link\" href=\"https:\/\/maritinastudios.com\/wp-content\/uploads\/2022\/05\/pefkochori-2.jpg\" data-lightbox=\"gal[1071]\"><img decoding=\"async\" src=\"https:\/\/maritinastudios.com\/wp-content\/uploads\/2022\/05\/pefkochori-2.jpg\" alt=\"\" data-id=\"244\" data-link=\"https:\/\/maritinastudios.com\/pefkochori\/pefkochori-2\/\" class=\"wp-block-gutenbee-gallery-item-image\"\/><\/a><\/div><div class=\"wp-block-gutenbee-gallery-item\"><a class=\"wp-block-gutenbee-gallery-item-link\" href=\"https:\/\/maritinastudios.com\/wp-content\/uploads\/2022\/05\/pefkochori-3.jpg\" data-lightbox=\"gal[1071]\"><img decoding=\"async\" src=\"https:\/\/maritinastudios.com\/wp-content\/uploads\/2022\/05\/pefkochori-3.jpg\" alt=\"\" data-id=\"245\" data-link=\"https:\/\/maritinastudios.com\/pefkochori\/pefkochori-3\/\" class=\"wp-block-gutenbee-gallery-item-image\"\/><\/a><\/div><div class=\"wp-block-gutenbee-gallery-item\"><a class=\"wp-block-gutenbee-gallery-item-link\" href=\"https:\/\/maritinastudios.com\/wp-content\/uploads\/2022\/05\/pefkochori-4.jpg\" data-lightbox=\"gal[1071]\"><img decoding=\"async\" src=\"https:\/\/maritinastudios.com\/wp-content\/uploads\/2022\/05\/pefkochori-4.jpg\" alt=\"\" data-id=\"246\" data-link=\"https:\/\/maritinastudios.com\/pefkochori\/pefkochori-4\/\" class=\"wp-block-gutenbee-gallery-item-image\"\/><\/a><\/div><div class=\"wp-block-gutenbee-gallery-item\"><a class=\"wp-block-gutenbee-gallery-item-link\" href=\"https:\/\/maritinastudios.com\/wp-content\/uploads\/2022\/05\/pefkochori-5.jpg\" data-lightbox=\"gal[1071]\"><img decoding=\"async\" src=\"https:\/\/maritinastudios.com\/wp-content\/uploads\/2022\/05\/pefkochori-5.jpg\" alt=\"\" data-id=\"247\" data-link=\"https:\/\/maritinastudios.com\/pefkochori\/pefkochori-5\/\" class=\"wp-block-gutenbee-gallery-item-image\"\/><\/a><\/div><div class=\"wp-block-gutenbee-gallery-item\"><a class=\"wp-block-gutenbee-gallery-item-link\" href=\"https:\/\/maritinastudios.com\/wp-content\/uploads\/2022\/05\/pefkochori-6.jpg\" data-lightbox=\"gal[1071]\"><img decoding=\"async\" src=\"https:\/\/maritinastudios.com\/wp-content\/uploads\/2022\/05\/pefkochori-6.jpg\" alt=\"\" data-id=\"248\" data-link=\"https:\/\/maritinastudios.com\/pefkochori\/pefkochori-6\/\" class=\"wp-block-gutenbee-gallery-item-image\"\/><\/a><\/div><div class=\"wp-block-gutenbee-gallery-item\"><a class=\"wp-block-gutenbee-gallery-item-link\" href=\"https:\/\/maritinastudios.com\/wp-content\/uploads\/2022\/05\/pefkochori-7.jpg\" data-lightbox=\"gal[1071]\"><img decoding=\"async\" src=\"https:\/\/maritinastudios.com\/wp-content\/uploads\/2022\/05\/pefkochori-7.jpg\" alt=\"\" data-id=\"255\" data-link=\"https:\/\/maritinastudios.com\/pefkochori\/pefkochori-7\/\" class=\"wp-block-gutenbee-gallery-item-image\"\/><\/a><\/div><div class=\"wp-block-gutenbee-gallery-item\"><a class=\"wp-block-gutenbee-gallery-item-link\" href=\"https:\/\/maritinastudios.com\/wp-content\/uploads\/2022\/05\/pefkochori-8.jpg\" data-lightbox=\"gal[1071]\"><img decoding=\"async\" src=\"https:\/\/maritinastudios.com\/wp-content\/uploads\/2022\/05\/pefkochori-8.jpg\" alt=\"\" data-id=\"256\" data-link=\"https:\/\/maritinastudios.com\/pefkochori\/pefkochori-8\/\" class=\"wp-block-gutenbee-gallery-item-image\"\/><\/a><\/div><div class=\"wp-block-gutenbee-gallery-item\"><a class=\"wp-block-gutenbee-gallery-item-link\" href=\"https:\/\/maritinastudios.com\/wp-content\/uploads\/2022\/05\/pefkochori-9.jpg\" data-lightbox=\"gal[1071]\"><img decoding=\"async\" src=\"https:\/\/maritinastudios.com\/wp-content\/uploads\/2022\/05\/pefkochori-9.jpg\" alt=\"\" data-id=\"257\" data-link=\"https:\/\/maritinastudios.com\/pefkochori\/pefkochori-9\/\" class=\"wp-block-gutenbee-gallery-item-image\"\/><\/a><\/div><\/div><\/div>\n\n\n\n<p id=\"block-d179cb-51c1-4b\" class=\"wp-block-gutenbee-paragraph block-d179cb-51c1-4b\"><\/p>\n<\/div><\/div>\n<\/div><\/div><div class=\"wp-block-gutenbee-container-background\" data-parallax-speed=\"0.3\"><\/div><\/div>\n\n\n\n<div id=\"block-6a8773-a4d2-42\" class=\"wp-block-gutenbee-buttons block-6a8773-a4d2-42\"><style>.wp-block-gutenbee-buttons.block-6a8773-a4d2-42 { justify-content: center; }<\/style>\n<div id=\"block-d5dcf4-61f4-4e\" class=\"wp-block-gutenbee-button block-d5dcf4-61f4-4e\"><style>.wp-block-gutenbee-button.block-d5dcf4-61f4-4e .gutenbee-block-button-link { font-size: 20px; }<\/style><a href=\"https:\/\/maritinastudios.reserve-online.net\/\" target=\"_blank\" rel=\"noopener\" class=\"gutenbee-block-button-link\">BOOK ONLINE<\/a><\/div>\n<\/div>\n","protected":false},"excerpt":{"rendered":"","protected":false},"author":1,"featured_media":1283,"parent":0,"menu_order":0,"comment_status":"closed","ping_status":"closed","template":"templates\/template-fullwidth-boxed.php","meta":{"footnotes":""},"class_list":["post-1071","page","type-page","status-publish","has-post-thumbnail","hentry"],"yoast_head":"<!-- This site is optimized with the Yoast SEO plugin v27.3 - https:\/\/yoast.com\/product\/yoast-seo-wordpress\/ -->\n<title>About Pefkochori - Maritina Studios Halkidiki Kasandra Gr\u010dka<\/title>\n<meta name=\"description\" content=\"Pefkohori je jedan od najrazvijenijih letovali\u0161ta na Kasandri i Halkidikiju, koji kombinuje zadivljujuc\u0301i pejza\u017e, razvijene pla\u017ee\" \/>\n<meta name=\"robots\" content=\"index, follow, max-snippet:-1, max-image-preview:large, max-video-preview:-1\" \/>\n<link rel=\"canonical\" href=\"https:\/\/maritinastudios.com\/sr\/pefkochori\/\" \/>\n<meta property=\"og:locale\" content=\"sr_RS\" \/>\n<meta property=\"og:type\" content=\"article\" \/>\n<meta property=\"og:title\" content=\"About Pefkochori - Maritina Studios Halkidiki Kasandra Gr\u010dka\" \/>\n<meta property=\"og:description\" content=\"Pefkohori je jedan od najrazvijenijih letovali\u0161ta na Kasandri i Halkidikiju, koji kombinuje zadivljujuc\u0301i pejza\u017e, razvijene pla\u017ee\" \/>\n<meta property=\"og:url\" content=\"https:\/\/maritinastudios.com\/sr\/pefkochori\/\" \/>\n<meta property=\"og:site_name\" content=\"Maritina Studios\" \/>\n<meta property=\"article:publisher\" content=\"https:\/\/www.facebook.com\/maritiniastudios\/\" \/>\n<meta property=\"article:modified_time\" content=\"2024-02-25T10:08:43+00:00\" \/>\n<meta property=\"og:image\" content=\"https:\/\/maritinastudios.com\/wp-content\/uploads\/2024\/02\/pefkochori-11.jpg\" \/>\n\t<meta property=\"og:image:width\" content=\"1200\" \/>\n\t<meta property=\"og:image:height\" content=\"750\" \/>\n\t<meta property=\"og:image:type\" content=\"image\/jpeg\" \/>\n<meta name=\"twitter:card\" content=\"summary_large_image\" \/>\n<meta name=\"twitter:label1\" content=\"\u041f\u0440\u043e\u0446\u0435\u045a\u0435\u043d\u043e \u0432\u0440\u0435\u043c\u0435 \u0447\u0438\u0442\u0430\u045a\u0430\" \/>\n\t<meta name=\"twitter:data1\" content=\"3 \u043c\u0438\u043d\u0443\u0442\u0430\" \/>\n<!-- \/ Yoast SEO plugin. -->","yoast_head_json":{"title":"About Pefkochori - Maritina Studios Halkidiki Kasandra Gr\u010dka","description":"Pefkohori je jedan od najrazvijenijih letovali\u0161ta na Kasandri i Halkidikiju, koji kombinuje zadivljujuc\u0301i pejza\u017e, razvijene pla\u017ee","robots":{"index":"index","follow":"follow","max-snippet":"max-snippet:-1","max-image-preview":"max-image-preview:large","max-video-preview":"max-video-preview:-1"},"canonical":"https:\/\/maritinastudios.com\/sr\/pefkochori\/","og_locale":"sr_RS","og_type":"article","og_title":"About Pefkochori - Maritina Studios Halkidiki Kasandra Gr\u010dka","og_description":"Pefkohori je jedan od najrazvijenijih letovali\u0161ta na Kasandri i Halkidikiju, koji kombinuje zadivljujuc\u0301i pejza\u017e, razvijene pla\u017ee","og_url":"https:\/\/maritinastudios.com\/sr\/pefkochori\/","og_site_name":"Maritina Studios","article_publisher":"https:\/\/www.facebook.com\/maritiniastudios\/","article_modified_time":"2024-02-25T10:08:43+00:00","og_image":[{"width":1200,"height":750,"url":"https:\/\/maritinastudios.com\/wp-content\/uploads\/2024\/02\/pefkochori-11.jpg","type":"image\/jpeg"}],"twitter_card":"summary_large_image","twitter_misc":{"\u041f\u0440\u043e\u0446\u0435\u045a\u0435\u043d\u043e \u0432\u0440\u0435\u043c\u0435 \u0447\u0438\u0442\u0430\u045a\u0430":"3 \u043c\u0438\u043d\u0443\u0442\u0430"},"schema":{"@context":"https:\/\/schema.org","@graph":[{"@type":"WebPage","@id":"https:\/\/maritinastudios.com\/sr\/pefkochori\/","url":"https:\/\/maritinastudios.com\/sr\/pefkochori\/","name":"About Pefkochori - Maritina Studios Halkidiki Kasandra Gr\u010dka","isPartOf":{"@id":"https:\/\/maritinastudios.com\/#website"},"primaryImageOfPage":{"@id":"https:\/\/maritinastudios.com\/sr\/pefkochori\/#primaryimage"},"image":{"@id":"https:\/\/maritinastudios.com\/sr\/pefkochori\/#primaryimage"},"thumbnailUrl":"https:\/\/maritinastudios.com\/wp-content\/uploads\/2024\/02\/pefkochori-11.jpg","datePublished":"2022-05-08T05:15:30+00:00","dateModified":"2024-02-25T10:08:43+00:00","description":"Pefkohori je jedan od najrazvijenijih letovali\u0161ta na Kasandri i Halkidikiju, koji kombinuje zadivljujuc\u0301i pejza\u017e, razvijene pla\u017ee","breadcrumb":{"@id":"https:\/\/maritinastudios.com\/sr\/pefkochori\/#breadcrumb"},"inLanguage":"sr-RS","potentialAction":[{"@type":"ReadAction","target":["https:\/\/maritinastudios.com\/sr\/pefkochori\/"]}]},{"@type":"ImageObject","inLanguage":"sr-RS","@id":"https:\/\/maritinastudios.com\/sr\/pefkochori\/#primaryimage","url":"https:\/\/maritinastudios.com\/wp-content\/uploads\/2024\/02\/pefkochori-11.jpg","contentUrl":"https:\/\/maritinastudios.com\/wp-content\/uploads\/2024\/02\/pefkochori-11.jpg","width":1200,"height":750,"caption":"Pefkochori Kassandra Halkidiki"},{"@type":"BreadcrumbList","@id":"https:\/\/maritinastudios.com\/sr\/pefkochori\/#breadcrumb","itemListElement":[{"@type":"ListItem","position":1,"name":"Home","item":"https:\/\/maritinastudios.com\/sr\/"},{"@type":"ListItem","position":2,"name":"Pefkochori"}]},{"@type":"WebSite","@id":"https:\/\/maritinastudios.com\/#website","url":"https:\/\/maritinastudios.com\/","name":"Maritina Studios","description":"Pefkohori Halkidiki Gr\u010dka","publisher":{"@id":"https:\/\/maritinastudios.com\/#organization"},"potentialAction":[{"@type":"SearchAction","target":{"@type":"EntryPoint","urlTemplate":"https:\/\/maritinastudios.com\/?s={search_term_string}"},"query-input":{"@type":"PropertyValueSpecification","valueRequired":true,"valueName":"search_term_string"}}],"inLanguage":"sr-RS"},{"@type":"Organization","@id":"https:\/\/maritinastudios.com\/#organization","name":"Maritina Studios Pefkochori","url":"https:\/\/maritinastudios.com\/","logo":{"@type":"ImageObject","inLanguage":"sr-RS","@id":"https:\/\/maritinastudios.com\/#\/schema\/logo\/image\/","url":"https:\/\/maritinastudios.com\/wp-content\/uploads\/2022\/05\/maritina-logo-3.png","contentUrl":"https:\/\/maritinastudios.com\/wp-content\/uploads\/2022\/05\/maritina-logo-3.png","width":250,"height":100,"caption":"Maritina Studios Pefkochori"},"image":{"@id":"https:\/\/maritinastudios.com\/#\/schema\/logo\/image\/"},"sameAs":["https:\/\/www.facebook.com\/maritiniastudios\/"]}]}},"_links":{"self":[{"href":"https:\/\/maritinastudios.com\/sr\/wp-json\/wp\/v2\/pages\/1071","targetHints":{"allow":["GET"]}}],"collection":[{"href":"https:\/\/maritinastudios.com\/sr\/wp-json\/wp\/v2\/pages"}],"about":[{"href":"https:\/\/maritinastudios.com\/sr\/wp-json\/wp\/v2\/types\/page"}],"author":[{"embeddable":true,"href":"https:\/\/maritinastudios.com\/sr\/wp-json\/wp\/v2\/users\/1"}],"replies":[{"embeddable":true,"href":"https:\/\/maritinastudios.com\/sr\/wp-json\/wp\/v2\/comments?post=1071"}],"version-history":[{"count":0,"href":"https:\/\/maritinastudios.com\/sr\/wp-json\/wp\/v2\/pages\/1071\/revisions"}],"wp:featuredmedia":[{"embeddable":true,"href":"https:\/\/maritinastudios.com\/sr\/wp-json\/wp\/v2\/media\/1283"}],"wp:attachment":[{"href":"https:\/\/maritinastudios.com\/sr\/wp-json\/wp\/v2\/media?parent=1071"}],"curies":[{"name":"wp","href":"https:\/\/api.w.org\/{rel}","templated":true}]}}