{"id":1063,"date":"2020-11-12T09:56:38","date_gmt":"2020-11-12T09:56:38","guid":{"rendered":"https:\/\/maritinastudios.com\/book-now\/"},"modified":"2023-02-13T09:32:22","modified_gmt":"2023-02-13T07:32:22","slug":"book-now","status":"publish","type":"page","link":"https:\/\/maritinastudios.com\/sr\/book-now\/","title":{"rendered":"Zatra\u017eite rezervaciju"},"content":{"rendered":"\n<p>Da biste zatra\u017eili rezervaciju Maritina Studios u Pefkohori Halkidikiju, po\u0161aljite nam poruku popunjavanjem kontakt forme.<\/p>\n\n\n\n<div class=\"wp-block-contact-form-7-contact-form-selector\">\n<div class=\"wpcf7 no-js\" id=\"wpcf7-f132-o1\" lang=\"en-US\" dir=\"ltr\" data-wpcf7-id=\"132\">\n<div class=\"screen-reader-response\"><p role=\"status\" aria-live=\"polite\" aria-atomic=\"true\"><\/p> <ul><\/ul><\/div>\n<form action=\"\/sr\/wp-json\/wp\/v2\/pages\/1063#wpcf7-f132-o1\" method=\"post\" class=\"wpcf7-form init\" aria-label=\"Contact form\" novalidate=\"novalidate\" data-status=\"init\">\n<fieldset class=\"hidden-fields-container\"><input type=\"hidden\" name=\"_wpcf7\" value=\"132\" \/><input type=\"hidden\" name=\"_wpcf7_version\" value=\"6.1.5\" \/><input type=\"hidden\" name=\"_wpcf7_locale\" value=\"en_US\" \/><input type=\"hidden\" name=\"_wpcf7_unit_tag\" value=\"wpcf7-f132-o1\" \/><input type=\"hidden\" name=\"_wpcf7_container_post\" value=\"0\" \/><input type=\"hidden\" name=\"_wpcf7_posted_data_hash\" value=\"\" \/>\n<\/fieldset>\n<div class=\"row\">\n\t<div class=\"col-md-6 col-xs-12\">\n\t\t<p>Arrival Date(*)<span class=\"wpcf7-form-control-wrap\" data-name=\"arrivaldate\"><input class=\"wpcf7-form-control wpcf7-date wpcf7-validates-as-required wpcf7-validates-as-date\" aria-required=\"true\" aria-invalid=\"false\" value=\"\" type=\"date\" name=\"arrivaldate\" \/><\/span>\n\t\t<\/p>\n\t<\/div>\n\t<div class=\"col-md-6 col-xs-12\">\n\t\t<p>Departure Date(*) <span class=\"wpcf7-form-control-wrap\" data-name=\"departuredate\"><input class=\"wpcf7-form-control wpcf7-date wpcf7-validates-as-required wpcf7-validates-as-date\" aria-required=\"true\" aria-invalid=\"false\" value=\"\" type=\"date\" name=\"departuredate\" \/><\/span>\n\t\t<\/p>\n\t<\/div>\n\t<div class=\"col-md-6 col-xs-12\">\n\t\t<p>Your Email (*) <span class=\"wpcf7-form-control-wrap\" data-name=\"your-email\"><input size=\"40\" maxlength=\"400\" class=\"wpcf7-form-control wpcf7-email wpcf7-validates-as-required wpcf7-text wpcf7-validates-as-email\" aria-required=\"true\" aria-invalid=\"false\" value=\"\" type=\"email\" name=\"your-email\" \/><\/span>\n\t\t<\/p>\n\t<\/div>\n\t<div class=\"col-md-6 col-xs-12\">\n\t\t<p>Your Name <span class=\"wpcf7-form-control-wrap\" data-name=\"yourname\"><input size=\"40\" maxlength=\"400\" class=\"wpcf7-form-control wpcf7-text\" aria-invalid=\"false\" value=\"\" type=\"text\" name=\"yourname\" \/><\/span>\n\t\t<\/p>\n\t<\/div>\n\t<div class=\"col-md-6 col-xs-12\">\n\t\t<p>Number of persons <span class=\"wpcf7-form-control-wrap\" data-name=\"people\"><select class=\"wpcf7-form-control wpcf7-select\" aria-invalid=\"false\" name=\"people\"><option value=\"1\">1<\/option><option value=\"2\">2<\/option><option value=\"3\">3<\/option><option value=\"4\">4<\/option><\/select><\/span>\n\t\t<\/p>\n\t<\/div>\n\t<div class=\"col-md-6 col-xs-12\">\n\t\t<p>Number of children <span class=\"wpcf7-form-control-wrap\" data-name=\"children\"><select class=\"wpcf7-form-control wpcf7-select\" aria-invalid=\"false\" name=\"children\"><option value=\"1\">1<\/option><option value=\"2\">2<\/option><option value=\"2\">2<\/option><\/select><\/span>\n\t\t<\/p>\n\t<\/div>\n<\/div>\n<div class=\"row\">\n\t<div class=\"col-md-6 col-xs-12\">\n\t\t<p>Special Comment <span class=\"wpcf7-form-control-wrap\" data-name=\"comment\"><textarea cols=\"40\" rows=\"10\" maxlength=\"2000\" class=\"wpcf7-form-control wpcf7-textarea\" aria-invalid=\"false\" name=\"comment\"><\/textarea><\/span>\n\t\t<\/p>\n\t<\/div>\n<\/div>\n<div class=\"col-xs-12 text-center\">\n\t<p><input class=\"wpcf7-form-control wpcf7-submit has-spinner\" type=\"submit\" value=\"Booking Request\" \/>\n\t<\/p>\n<\/div><div class=\"wpcf7-response-output\" aria-hidden=\"true\"><\/div>\n<\/form>\n<\/div>\n<\/div>\n\n\n\n<p>Ne prikupljamo li\u010dne podatke na mre\u017ei na ovoj veb stranici.<br>Dobijamo va\u0161e li\u010dne podatke iz ovog obrasca putem e-po\u0161te i \u0161titimo va\u0161e podatke preko Google Cloud usluga.<br>Tako\u0111e koristimo kombinaciju fizi\u010dkih i elektronskih kontrola pristupa, tehnologije za\u0161titnog zida i drugih razumnih bezbednosnih mera.<br>Va\u0161e podatke iz ovog obrasca nec\u0301emo ni prodati ni objaviti van na\u0161e kompanije<\/p>\n","protected":false},"excerpt":{"rendered":"<p>Da biste zatra\u017eili rezervaciju Maritina Studios u Pefkohori Halkidikiju, po\u0161aljite nam poruku popunjavanjem kontakt forme. Ne prikupljamo li\u010dne podatke na mre\u017ei na ovoj veb stranici.Dobijamo va\u0161e li\u010dne podatke iz ovog obrasca putem e-po\u0161te i \u0161titimo [&hellip;]<\/p>\n","protected":false},"author":1,"featured_media":0,"parent":0,"menu_order":0,"comment_status":"closed","ping_status":"closed","template":"templates\/template-fullwidth-boxed.php","meta":{"footnotes":""},"class_list":["post-1063","page","type-page","status-publish","hentry"],"yoast_head":"<!-- This site is optimized with the Yoast SEO plugin v27.3 - https:\/\/yoast.com\/product\/yoast-seo-wordpress\/ -->\n<title>Zatra\u017eite rezervaciju - Maritina Studios Pefkochori Halkidiki<\/title>\n<meta name=\"description\" content=\"Da biste zatra\u017eili rezervaciju Maritina Studios u Pefkohori Halkidikiju, po\u0161aljite nam poruku popunjavanjem kontakt forme\" \/>\n<meta name=\"robots\" content=\"index, follow, max-snippet:-1, max-image-preview:large, max-video-preview:-1\" \/>\n<link rel=\"canonical\" href=\"https:\/\/maritinastudios.com\/sr\/book-now\/\" \/>\n<meta property=\"og:locale\" content=\"sr_RS\" \/>\n<meta property=\"og:type\" content=\"article\" \/>\n<meta property=\"og:title\" content=\"Zatra\u017eite rezervaciju - Maritina Studios Pefkochori Halkidiki\" \/>\n<meta property=\"og:description\" content=\"Da biste zatra\u017eili rezervaciju Maritina Studios u Pefkohori Halkidikiju, po\u0161aljite nam poruku popunjavanjem kontakt forme\" \/>\n<meta property=\"og:url\" content=\"https:\/\/maritinastudios.com\/sr\/book-now\/\" \/>\n<meta property=\"og:site_name\" content=\"Maritina Studios\" \/>\n<meta property=\"article:publisher\" content=\"https:\/\/www.facebook.com\/maritiniastudios\/\" \/>\n<meta property=\"article:modified_time\" content=\"2023-02-13T07:32:22+00:00\" \/>\n<meta property=\"og:image\" content=\"https:\/\/maritinastudios.com\/wp-content\/uploads\/2022\/05\/logo-bottom-1.jpg\" \/>\n\t<meta property=\"og:image:width\" content=\"200\" \/>\n\t<meta property=\"og:image:height\" content=\"93\" \/>\n\t<meta property=\"og:image:type\" content=\"image\/jpeg\" \/>\n<meta name=\"twitter:card\" content=\"summary_large_image\" \/>\n<meta name=\"twitter:label1\" content=\"\u041f\u0440\u043e\u0446\u0435\u045a\u0435\u043d\u043e \u0432\u0440\u0435\u043c\u0435 \u0447\u0438\u0442\u0430\u045a\u0430\" \/>\n\t<meta name=\"twitter:data1\" content=\"1 \u043c\u0438\u043d\u0443\u0442\" \/>\n<!-- \/ Yoast SEO plugin. -->","yoast_head_json":{"title":"Zatra\u017eite rezervaciju - Maritina Studios Pefkochori Halkidiki","description":"Da biste zatra\u017eili rezervaciju Maritina Studios u Pefkohori Halkidikiju, po\u0161aljite nam poruku popunjavanjem kontakt forme","robots":{"index":"index","follow":"follow","max-snippet":"max-snippet:-1","max-image-preview":"max-image-preview:large","max-video-preview":"max-video-preview:-1"},"canonical":"https:\/\/maritinastudios.com\/sr\/book-now\/","og_locale":"sr_RS","og_type":"article","og_title":"Zatra\u017eite rezervaciju - Maritina Studios Pefkochori Halkidiki","og_description":"Da biste zatra\u017eili rezervaciju Maritina Studios u Pefkohori Halkidikiju, po\u0161aljite nam poruku popunjavanjem kontakt forme","og_url":"https:\/\/maritinastudios.com\/sr\/book-now\/","og_site_name":"Maritina Studios","article_publisher":"https:\/\/www.facebook.com\/maritiniastudios\/","article_modified_time":"2023-02-13T07:32:22+00:00","og_image":[{"width":200,"height":93,"url":"https:\/\/maritinastudios.com\/wp-content\/uploads\/2022\/05\/logo-bottom-1.jpg","type":"image\/jpeg"}],"twitter_card":"summary_large_image","twitter_misc":{"\u041f\u0440\u043e\u0446\u0435\u045a\u0435\u043d\u043e \u0432\u0440\u0435\u043c\u0435 \u0447\u0438\u0442\u0430\u045a\u0430":"1 \u043c\u0438\u043d\u0443\u0442"},"schema":{"@context":"https:\/\/schema.org","@graph":[{"@type":"WebPage","@id":"https:\/\/maritinastudios.com\/sr\/book-now\/","url":"https:\/\/maritinastudios.com\/sr\/book-now\/","name":"Zatra\u017eite rezervaciju - Maritina Studios Pefkochori Halkidiki","isPartOf":{"@id":"https:\/\/maritinastudios.com\/#website"},"datePublished":"2020-11-12T09:56:38+00:00","dateModified":"2023-02-13T07:32:22+00:00","description":"Da biste zatra\u017eili rezervaciju Maritina Studios u Pefkohori Halkidikiju, po\u0161aljite nam poruku popunjavanjem kontakt forme","breadcrumb":{"@id":"https:\/\/maritinastudios.com\/sr\/book-now\/#breadcrumb"},"inLanguage":"sr-RS","potentialAction":[{"@type":"ReadAction","target":["https:\/\/maritinastudios.com\/sr\/book-now\/"]}]},{"@type":"BreadcrumbList","@id":"https:\/\/maritinastudios.com\/sr\/book-now\/#breadcrumb","itemListElement":[{"@type":"ListItem","position":1,"name":"Home","item":"https:\/\/maritinastudios.com\/sr\/"},{"@type":"ListItem","position":2,"name":"Zatra\u017eite rezervaciju"}]},{"@type":"WebSite","@id":"https:\/\/maritinastudios.com\/#website","url":"https:\/\/maritinastudios.com\/","name":"Maritina Studios","description":"Pefkohori Halkidiki Gr\u010dka","publisher":{"@id":"https:\/\/maritinastudios.com\/#organization"},"potentialAction":[{"@type":"SearchAction","target":{"@type":"EntryPoint","urlTemplate":"https:\/\/maritinastudios.com\/?s={search_term_string}"},"query-input":{"@type":"PropertyValueSpecification","valueRequired":true,"valueName":"search_term_string"}}],"inLanguage":"sr-RS"},{"@type":"Organization","@id":"https:\/\/maritinastudios.com\/#organization","name":"Maritina Studios Pefkochori","url":"https:\/\/maritinastudios.com\/","logo":{"@type":"ImageObject","inLanguage":"sr-RS","@id":"https:\/\/maritinastudios.com\/#\/schema\/logo\/image\/","url":"https:\/\/maritinastudios.com\/wp-content\/uploads\/2022\/05\/maritina-logo-3.png","contentUrl":"https:\/\/maritinastudios.com\/wp-content\/uploads\/2022\/05\/maritina-logo-3.png","width":250,"height":100,"caption":"Maritina Studios Pefkochori"},"image":{"@id":"https:\/\/maritinastudios.com\/#\/schema\/logo\/image\/"},"sameAs":["https:\/\/www.facebook.com\/maritiniastudios\/"]}]}},"_links":{"self":[{"href":"https:\/\/maritinastudios.com\/sr\/wp-json\/wp\/v2\/pages\/1063","targetHints":{"allow":["GET"]}}],"collection":[{"href":"https:\/\/maritinastudios.com\/sr\/wp-json\/wp\/v2\/pages"}],"about":[{"href":"https:\/\/maritinastudios.com\/sr\/wp-json\/wp\/v2\/types\/page"}],"author":[{"embeddable":true,"href":"https:\/\/maritinastudios.com\/sr\/wp-json\/wp\/v2\/users\/1"}],"replies":[{"embeddable":true,"href":"https:\/\/maritinastudios.com\/sr\/wp-json\/wp\/v2\/comments?post=1063"}],"version-history":[{"count":0,"href":"https:\/\/maritinastudios.com\/sr\/wp-json\/wp\/v2\/pages\/1063\/revisions"}],"wp:attachment":[{"href":"https:\/\/maritinastudios.com\/sr\/wp-json\/wp\/v2\/media?parent=1063"}],"curies":[{"name":"wp","href":"https:\/\/api.w.org\/{rel}","templated":true}]}}