{"id":1047,"date":"2020-11-12T09:54:58","date_gmt":"2020-11-12T09:54:58","guid":{"rendered":"https:\/\/maritinastudios.com\/activities\/"},"modified":"2023-12-04T12:38:51","modified_gmt":"2023-12-04T10:38:51","slug":"activities","status":"publish","type":"page","link":"https:\/\/maritinastudios.com\/sr\/activities\/","title":{"rendered":"Aktivnosti"},"content":{"rendered":"\n<figure id=\"block-43673c-1d82-4a\" class=\"wp-block-gutenbee-image block-43673c-1d82-4a size-full\"><img loading=\"lazy\" decoding=\"async\" width=\"1024\" height=\"683\" src=\"https:\/\/maritinastudios.com\/wp-content\/uploads\/2022\/05\/toroneos-cruise-1024x683.jpg\" alt=\"\" class=\"wp-image-300\" srcset=\"https:\/\/maritinastudios.com\/wp-content\/uploads\/2022\/05\/toroneos-cruise-1024x683.jpg 1024w, https:\/\/maritinastudios.com\/wp-content\/uploads\/2022\/05\/toroneos-cruise-300x200.jpg 300w, https:\/\/maritinastudios.com\/wp-content\/uploads\/2022\/05\/toroneos-cruise-768x512.jpg 768w, https:\/\/maritinastudios.com\/wp-content\/uploads\/2022\/05\/toroneos-cruise-870x580.jpg 870w, https:\/\/maritinastudios.com\/wp-content\/uploads\/2022\/05\/toroneos-cruise-615x410.jpg 615w, https:\/\/maritinastudios.com\/wp-content\/uploads\/2022\/05\/toroneos-cruise-1170x780.jpg 1170w, https:\/\/maritinastudios.com\/wp-content\/uploads\/2022\/05\/toroneos-cruise.jpg 1200w\" sizes=\"auto, (max-width: 1024px) 100vw, 1024px\" \/><\/figure>\n\n\n\n<div id=\"block-9942c4-71\" class=\"wp-block-gutenbee-container block-9942c4-71\"><div class=\"wp-block-gutenbee-container-inner\"><div class=\"wp-block-gutenbee-container-row wp-block-gutenbee-container-lg\">\n<div class=\"wp-block-gutenbee-column block-db93f2-7a\"><style>.wp-block-gutenbee-column.block-db93f2-7a { flex-basis: 33.33%; }\n\n\n      @media (max-width: 991px) {\n        .wp-block-gutenbee-column.block-db93f2-7a { flex-basis: 100%; }\n      }\n    \n\n      @media (max-width: 575px) {\n        .wp-block-gutenbee-column.block-db93f2-7a { flex-basis: 100%; }\n      }<\/style><div class=\"wp-block-gutenbee-column-content\">\n<div class=\"wp-block-gutenbee-column block-69e6b4-3fa6-4d\"><style>.wp-block-gutenbee-column.block-69e6b4-3fa6-4d { flex-basis: 33.33%; }\n\n\n      @media (max-width: 991px) {\n        .wp-block-gutenbee-column.block-69e6b4-3fa6-4d { flex-basis: 100%; }\n      }\n    \n\n      @media (max-width: 575px) {\n        .wp-block-gutenbee-column.block-69e6b4-3fa6-4d { flex-basis: 100%; }\n      }<\/style><div class=\"wp-block-gutenbee-column-content\">\n<p class=\"has-text-align-center\"><strong>Book Tickets online<\/strong><\/p>\n\n\n\n<div class=\"wp-block-buttons is-content-justification-center is-layout-flex wp-container-core-buttons-is-layout-16018d1d wp-block-buttons-is-layout-flex\">\n<div class=\"wp-block-button is-style-fill\"><a class=\"wp-block-button__link wp-element-button\" href=\"https:\/\/gohalkidiki.travelotopos.com\/c\/21\" target=\"_blank\" rel=\"noreferrer noopener\">BOOK TICKETS<\/a><\/div>\n<\/div>\n<\/div><\/div>\n<\/div><\/div>\n\n\n\n<div class=\"wp-block-gutenbee-column block-56e68f-4f\"><style>.wp-block-gutenbee-column.block-56e68f-4f { flex-basis: 66.66%; }\n\n\n      @media (max-width: 991px) {\n        .wp-block-gutenbee-column.block-56e68f-4f { flex-basis: 100%; }\n      }\n    \n\n      @media (max-width: 575px) {\n        .wp-block-gutenbee-column.block-56e68f-4f { flex-basis: 100%; }\n      }<\/style><div class=\"wp-block-gutenbee-column-content\">\n<h2 id=\"block-73097f-b1\" class=\"wp-block-gutenbee-heading block-73097f-b1\">Toroneos Cruise<\/h2>\n\n\n\n<p>Ovo krstarenje je savr\u0161eno za vas, ako \u017eelite da provedete dan u\u017eivajuc\u0301i u moru, suncu i neverovatnim pejza\u017eima poluostrva Kasandra i Sitonija. Na\u0161a polazna ta\u010dka je luka Pefkohori, na Kasandri.<\/p>\n\n\n\n<p>Tradicionalni \u010damac polazi u 09:30 ujutru.<\/p>\n\n\n\n<p>Na\u0161a prva stanica bic\u0301e izolovana pla\u017ea u Toroniju, nazvana \u201eAretes\u201c, za otprilike dva sata kupanja i sun\u010danja. <\/p>\n\n\n\n<p>Povratak na brod i spreman da ponesete ru\u010dak i pic\u0301e u\u017eivajuc\u0301i na putu do na\u0161e druge stanice, koja c\u0301e biti tradicionalno poznato selo \u201eNeos Marmaras\u201c na Sitoniji. Na\u0161a poslednja stanica pre povratka u Pefkohori bic\u0301e ostrvo \u201eKelifos\u201c, savr\u0161eno mesto za plivanje i ronjenje.<\/p>\n\n\n\n<p>Posle \u010detrdeset minuta u \u201eOstrvu kornja\u010da\u201c uputic\u0301emo se ka kona\u010dnoj destinaciji u\u017eivajuc\u0301i u gr\u010dkoj muzici i mo\u017eda c\u0301emo imati priliku da vidimo neke delfine, kako to obi\u010dno biva. Predvi\u0111eno vreme dolaska je 17:30.<\/p>\n<\/div><\/div>\n<\/div><\/div><div class=\"wp-block-gutenbee-container-background\" data-parallax-speed=\"0.3\"><\/div><\/div>\n\n\n\n<figure id=\"block-4d4b48-ac35-4a\" class=\"wp-block-gutenbee-image block-4d4b48-ac35-4a size-full\"><img loading=\"lazy\" decoding=\"async\" width=\"1024\" height=\"683\" src=\"https:\/\/maritinastudios.com\/wp-content\/uploads\/2022\/05\/mount-athos-cruise-1024x683.jpg\" alt=\"\" class=\"wp-image-301\" srcset=\"https:\/\/maritinastudios.com\/wp-content\/uploads\/2022\/05\/mount-athos-cruise-1024x683.jpg 1024w, https:\/\/maritinastudios.com\/wp-content\/uploads\/2022\/05\/mount-athos-cruise-300x200.jpg 300w, https:\/\/maritinastudios.com\/wp-content\/uploads\/2022\/05\/mount-athos-cruise-768x512.jpg 768w, https:\/\/maritinastudios.com\/wp-content\/uploads\/2022\/05\/mount-athos-cruise-870x580.jpg 870w, https:\/\/maritinastudios.com\/wp-content\/uploads\/2022\/05\/mount-athos-cruise-615x410.jpg 615w, https:\/\/maritinastudios.com\/wp-content\/uploads\/2022\/05\/mount-athos-cruise-1170x780.jpg 1170w, https:\/\/maritinastudios.com\/wp-content\/uploads\/2022\/05\/mount-athos-cruise.jpg 1200w\" sizes=\"auto, (max-width: 1024px) 100vw, 1024px\" \/><\/figure>\n\n\n\n<div id=\"block-dd9b6a-7df2-48\" class=\"wp-block-gutenbee-container block-dd9b6a-7df2-48\"><div class=\"wp-block-gutenbee-container-inner\"><div class=\"wp-block-gutenbee-container-row wp-block-gutenbee-container-lg\">\n<div class=\"wp-block-gutenbee-column block-636702-80d3-44\"><style>.wp-block-gutenbee-column.block-636702-80d3-44 { flex-basis: 33.33%; }\n\n\n      @media (max-width: 991px) {\n        .wp-block-gutenbee-column.block-636702-80d3-44 { flex-basis: 100%; }\n      }\n    \n\n      @media (max-width: 575px) {\n        .wp-block-gutenbee-column.block-636702-80d3-44 { flex-basis: 100%; }\n      }<\/style><div class=\"wp-block-gutenbee-column-content\">\n<p class=\"has-text-align-center\"><strong>Book Tickets online<\/strong><\/p>\n\n\n\n<div class=\"wp-block-buttons is-content-justification-center is-layout-flex wp-container-core-buttons-is-layout-16018d1d wp-block-buttons-is-layout-flex\">\n<div class=\"wp-block-button is-style-fill\"><a class=\"wp-block-button__link wp-element-button\" href=\"https:\/\/gohalkidiki.travelotopos.com\/s\/37\/22\" target=\"_blank\" rel=\"noreferrer noopener\">BOOK TICKETS<\/a><\/div>\n<\/div>\n<\/div><\/div>\n\n\n\n<div class=\"wp-block-gutenbee-column block-d61c7a-e1d9-4e\"><style>.wp-block-gutenbee-column.block-d61c7a-e1d9-4e { flex-basis: 66.66%; }\n\n\n      @media (max-width: 991px) {\n        .wp-block-gutenbee-column.block-d61c7a-e1d9-4e { flex-basis: 100%; }\n      }\n    \n\n      @media (max-width: 575px) {\n        .wp-block-gutenbee-column.block-d61c7a-e1d9-4e { flex-basis: 100%; }\n      }<\/style><div class=\"wp-block-gutenbee-column-content\">\n<div class=\"wp-block-gutenbee-column block-02ee82-cbf9-44\"><style>.wp-block-gutenbee-column.block-02ee82-cbf9-44 { flex-basis: 66.66%; }\n\n\n      @media (max-width: 991px) {\n        .wp-block-gutenbee-column.block-02ee82-cbf9-44 { flex-basis: 100%; }\n      }\n    \n\n      @media (max-width: 575px) {\n        .wp-block-gutenbee-column.block-02ee82-cbf9-44 { flex-basis: 100%; }\n      }<\/style><div class=\"wp-block-gutenbee-column-content\">\n<h2 id=\"block-1f76a3-4af4-4a\" class=\"wp-block-gutenbee-heading block-1f76a3-4af4-4a\">Mount Athos Cruise<\/h2>\n\n\n\n<p>Manastirska dr\u017eava, koja se nalazi na trec\u0301em i isto\u010dnom poluostrvu Halkidikija, je samoupravni deo Gr\u010dke pravoslavne crkve i njeni spomenici iz vizantijskog perioda u\u017eivaju svetsku slavu i vredi ih posetiti..<\/p>\n\n\n\n<p>Tradicionalni \u010damac polazi iz luke Ormos Panagias u 09.30 ujutru, plovi zalivima Sitonije dok ne stignemo do na\u0161e prve destinacije a to je Sveta Gora na ju\u017enom vrhu i manastir Svetog Pavla.<\/p>\n<\/div><\/div>\n<\/div><\/div>\n<\/div><\/div><div class=\"wp-block-gutenbee-container-background\" data-parallax-speed=\"0.3\"><\/div><\/div>\n\n\n\n<figure id=\"block-f0808a-803c-4e\" class=\"wp-block-gutenbee-image block-f0808a-803c-4e size-full\"><img loading=\"lazy\" decoding=\"async\" width=\"1024\" height=\"683\" src=\"https:\/\/maritinastudios.com\/wp-content\/uploads\/2022\/05\/sailing-cruises-kassandra-1024x683.jpg\" alt=\"\" class=\"wp-image-302\" srcset=\"https:\/\/maritinastudios.com\/wp-content\/uploads\/2022\/05\/sailing-cruises-kassandra-1024x683.jpg 1024w, https:\/\/maritinastudios.com\/wp-content\/uploads\/2022\/05\/sailing-cruises-kassandra-300x200.jpg 300w, https:\/\/maritinastudios.com\/wp-content\/uploads\/2022\/05\/sailing-cruises-kassandra-768x512.jpg 768w, https:\/\/maritinastudios.com\/wp-content\/uploads\/2022\/05\/sailing-cruises-kassandra-870x580.jpg 870w, https:\/\/maritinastudios.com\/wp-content\/uploads\/2022\/05\/sailing-cruises-kassandra-615x410.jpg 615w, https:\/\/maritinastudios.com\/wp-content\/uploads\/2022\/05\/sailing-cruises-kassandra-1170x780.jpg 1170w, https:\/\/maritinastudios.com\/wp-content\/uploads\/2022\/05\/sailing-cruises-kassandra.jpg 1200w\" sizes=\"auto, (max-width: 1024px) 100vw, 1024px\" \/><\/figure>\n\n\n\n<div id=\"block-56f248-8382-4c\" class=\"wp-block-gutenbee-container block-56f248-8382-4c\"><div class=\"wp-block-gutenbee-container-inner\"><div class=\"wp-block-gutenbee-container-row wp-block-gutenbee-container-lg\">\n<div class=\"wp-block-gutenbee-column block-5d5d8d-e35e-40\"><style>.wp-block-gutenbee-column.block-5d5d8d-e35e-40 { flex-basis: 33.33%; }\n\n\n      @media (max-width: 991px) {\n        .wp-block-gutenbee-column.block-5d5d8d-e35e-40 { flex-basis: 100%; }\n      }\n    \n\n      @media (max-width: 575px) {\n        .wp-block-gutenbee-column.block-5d5d8d-e35e-40 { flex-basis: 100%; }\n      }<\/style><div class=\"wp-block-gutenbee-column-content\">\n<p class=\"has-text-align-center\"><strong>Reserve Sailing Cruises<\/strong><\/p>\n\n\n\n<p class=\"has-text-align-center\" style=\"font-size:14px\">Full Day Sailing Cruises<br>Half Day Sailing Cruises<br>Sunset Sailing Cruises<\/p>\n\n\n\n<div class=\"wp-block-buttons is-content-justification-center is-layout-flex wp-container-core-buttons-is-layout-16018d1d wp-block-buttons-is-layout-flex\">\n<div class=\"wp-block-button is-style-fill\"><a class=\"wp-block-button__link wp-element-button\" href=\"https:\/\/gohalkidiki.travelotopos.com\/c\/26\" target=\"_blank\" rel=\"noreferrer noopener\">BOOK ONLINE<\/a><\/div>\n<\/div>\n<\/div><\/div>\n\n\n\n<div class=\"wp-block-gutenbee-column block-5c40dd-a554-40\"><style>.wp-block-gutenbee-column.block-5c40dd-a554-40 { flex-basis: 66.66%; }\n\n\n      @media (max-width: 991px) {\n        .wp-block-gutenbee-column.block-5c40dd-a554-40 { flex-basis: 100%; }\n      }\n    \n\n      @media (max-width: 575px) {\n        .wp-block-gutenbee-column.block-5c40dd-a554-40 { flex-basis: 100%; }\n      }<\/style><div class=\"wp-block-gutenbee-column-content\">\n<h2 id=\"block-185c0a-ad01-47\" class=\"wp-block-gutenbee-heading block-185c0a-ad01-47\">Jedrenje na Kasandri<\/h2>\n\n\n\n<p>More Halkidikija obec\u0301ava pejza\u017ee koji oduzimaju dah sa kristalno \u010distom vodom, naj\u010distijom u Evropi.<\/p>\n\n\n\n<p>U\u017eivajte u jedinstvenom iskustvu jedrilice na Kasandri Halkidikiju zajedno sa svojom porodicom i prijateljima, sa divnim \u010damcem koji mo\u017ee da primi do 8 ljudi, na krstarenju samo sa vama i skiperom.<\/p>\n\n\n\n<p>Profesionalni skiper c\u0301e voditi turu kroz obalu koja oduzima dah, dok gosti u\u017eivaju u atmosferi privatnog obilaska.<\/p>\n<\/div><\/div>\n<\/div><\/div><div class=\"wp-block-gutenbee-container-background\" data-parallax-speed=\"0.3\"><\/div><\/div>\n\n\n\n<figure id=\"block-b6c981-a74f-4a\" class=\"wp-block-gutenbee-image block-b6c981-a74f-4a size-full\"><img loading=\"lazy\" decoding=\"async\" width=\"1024\" height=\"683\" src=\"https:\/\/maritinastudios.com\/wp-content\/uploads\/2022\/05\/scuba-diving-kassandra-1024x683.jpg\" alt=\"\" class=\"wp-image-303\" srcset=\"https:\/\/maritinastudios.com\/wp-content\/uploads\/2022\/05\/scuba-diving-kassandra-1024x683.jpg 1024w, https:\/\/maritinastudios.com\/wp-content\/uploads\/2022\/05\/scuba-diving-kassandra-300x200.jpg 300w, https:\/\/maritinastudios.com\/wp-content\/uploads\/2022\/05\/scuba-diving-kassandra-768x512.jpg 768w, https:\/\/maritinastudios.com\/wp-content\/uploads\/2022\/05\/scuba-diving-kassandra-870x580.jpg 870w, https:\/\/maritinastudios.com\/wp-content\/uploads\/2022\/05\/scuba-diving-kassandra-615x410.jpg 615w, https:\/\/maritinastudios.com\/wp-content\/uploads\/2022\/05\/scuba-diving-kassandra-1170x780.jpg 1170w, https:\/\/maritinastudios.com\/wp-content\/uploads\/2022\/05\/scuba-diving-kassandra.jpg 1200w\" sizes=\"auto, (max-width: 1024px) 100vw, 1024px\" \/><\/figure>\n\n\n\n<div id=\"block-eb3b3c-43ef-43\" class=\"wp-block-gutenbee-container block-eb3b3c-43ef-43\"><div class=\"wp-block-gutenbee-container-inner\"><div class=\"wp-block-gutenbee-container-row wp-block-gutenbee-container-lg\">\n<div class=\"wp-block-gutenbee-column block-1fd16b-d16e-4e\"><style>.wp-block-gutenbee-column.block-1fd16b-d16e-4e { flex-basis: 33.33%; }\n\n\n      @media (max-width: 991px) {\n        .wp-block-gutenbee-column.block-1fd16b-d16e-4e { flex-basis: 100%; }\n      }\n    \n\n      @media (max-width: 575px) {\n        .wp-block-gutenbee-column.block-1fd16b-d16e-4e { flex-basis: 100%; }\n      }<\/style><div class=\"wp-block-gutenbee-column-content\">\n<p class=\"has-text-align-center\"><strong>Get tickets for this activity<\/strong><\/p>\n\n\n\n<div class=\"wp-block-buttons is-content-justification-center is-layout-flex wp-container-core-buttons-is-layout-16018d1d wp-block-buttons-is-layout-flex\">\n<div class=\"wp-block-button is-style-fill\"><a class=\"wp-block-button__link wp-element-button\" href=\"https:\/\/gohalkidiki.travelotopos.com\/?cids=19\" target=\"_blank\" rel=\"noreferrer noopener\">BOOK ONLINE<\/a><\/div>\n<\/div>\n<\/div><\/div>\n\n\n\n<div class=\"wp-block-gutenbee-column block-25a2da-7eca-43\"><style>.wp-block-gutenbee-column.block-25a2da-7eca-43 { flex-basis: 66.66%; }\n\n\n      @media (max-width: 991px) {\n        .wp-block-gutenbee-column.block-25a2da-7eca-43 { flex-basis: 100%; }\n      }\n    \n\n      @media (max-width: 575px) {\n        .wp-block-gutenbee-column.block-25a2da-7eca-43 { flex-basis: 100%; }\n      }<\/style><div class=\"wp-block-gutenbee-column-content\">\n<h2 id=\"block-f20139-23ca-44\" class=\"wp-block-gutenbee-heading block-f20139-23ca-44\">Ronjenje na Kasandri<\/h2>\n\n\n\n<p>Ronjenje je \u017eivotno iskustvo, koje svako treba da proba i do\u017eivi na <strong>Halkidikiju<\/strong>. Plava voda i divno morsko dno nude vam va\u017ena iskustva i jedinstvene slike morskog sveta, ispunjavajuc\u0301i vas znanjem i zabavom.<\/p>\n\n\n\n<p>Uvodni ronjenje za po\u010detnike, jednodnevni izleti za iskusnije i specijalizovano ronjenje za napredne su neke od aktivnosti koje mo\u017eete prona\u0107i u regionu.<\/p>\n<\/div><\/div>\n<\/div><\/div><div class=\"wp-block-gutenbee-container-background\" data-parallax-speed=\"0.3\"><\/div><\/div>\n","protected":false},"excerpt":{"rendered":"","protected":false},"author":1,"featured_media":0,"parent":0,"menu_order":0,"comment_status":"closed","ping_status":"closed","template":"templates\/template-fullwidth-boxed.php","meta":{"footnotes":""},"class_list":["post-1047","page","type-page","status-publish","hentry"],"yoast_head":"<!-- This site is optimized with the Yoast SEO plugin v27.4 - https:\/\/yoast.com\/product\/yoast-seo-wordpress\/ -->\n<title>Aktivnosti - Maritina Studios Pefkohori Halkidiki Gr\u010dka<\/title>\n<meta name=\"description\" content=\"Halkidiki je idealan ako tra\u017eite ne\u0161to druga\u010dije. Prelepa priroda je jedinstvena za u\u017eivanje u \u0161etnji i izletima u \u0161umi\" \/>\n<meta name=\"robots\" content=\"index, follow, max-snippet:-1, max-image-preview:large, max-video-preview:-1\" \/>\n<link rel=\"canonical\" href=\"https:\/\/maritinastudios.com\/sr\/activities\/\" \/>\n<meta property=\"og:locale\" content=\"sr_RS\" \/>\n<meta property=\"og:type\" content=\"article\" \/>\n<meta property=\"og:title\" content=\"Aktivnosti - Maritina Studios Pefkohori Halkidiki Gr\u010dka\" \/>\n<meta property=\"og:description\" content=\"Halkidiki je idealan ako tra\u017eite ne\u0161to druga\u010dije. Prelepa priroda je jedinstvena za u\u017eivanje u \u0161etnji i izletima u \u0161umi\" \/>\n<meta property=\"og:url\" content=\"https:\/\/maritinastudios.com\/sr\/activities\/\" \/>\n<meta property=\"og:site_name\" content=\"Maritina Studios\" \/>\n<meta property=\"article:publisher\" content=\"https:\/\/www.facebook.com\/maritiniastudios\/\" \/>\n<meta property=\"article:modified_time\" content=\"2023-12-04T10:38:51+00:00\" \/>\n<meta property=\"og:image\" content=\"https:\/\/maritinastudios.com\/wp-content\/uploads\/2022\/05\/toroneos-cruise-1024x683.jpg\" \/>\n<meta name=\"twitter:card\" content=\"summary_large_image\" \/>\n<meta name=\"twitter:label1\" content=\"\u041f\u0440\u043e\u0446\u0435\u045a\u0435\u043d\u043e \u0432\u0440\u0435\u043c\u0435 \u0447\u0438\u0442\u0430\u045a\u0430\" \/>\n\t<meta name=\"twitter:data1\" content=\"3 \u043c\u0438\u043d\u0443\u0442\u0430\" \/>\n<!-- \/ Yoast SEO plugin. -->","yoast_head_json":{"title":"Aktivnosti - Maritina Studios Pefkohori Halkidiki Gr\u010dka","description":"Halkidiki je idealan ako tra\u017eite ne\u0161to druga\u010dije. Prelepa priroda je jedinstvena za u\u017eivanje u \u0161etnji i izletima u \u0161umi","robots":{"index":"index","follow":"follow","max-snippet":"max-snippet:-1","max-image-preview":"max-image-preview:large","max-video-preview":"max-video-preview:-1"},"canonical":"https:\/\/maritinastudios.com\/sr\/activities\/","og_locale":"sr_RS","og_type":"article","og_title":"Aktivnosti - Maritina Studios Pefkohori Halkidiki Gr\u010dka","og_description":"Halkidiki je idealan ako tra\u017eite ne\u0161to druga\u010dije. Prelepa priroda je jedinstvena za u\u017eivanje u \u0161etnji i izletima u \u0161umi","og_url":"https:\/\/maritinastudios.com\/sr\/activities\/","og_site_name":"Maritina Studios","article_publisher":"https:\/\/www.facebook.com\/maritiniastudios\/","article_modified_time":"2023-12-04T10:38:51+00:00","og_image":[{"url":"https:\/\/maritinastudios.com\/wp-content\/uploads\/2022\/05\/toroneos-cruise-1024x683.jpg","type":"","width":"","height":""}],"twitter_card":"summary_large_image","twitter_misc":{"\u041f\u0440\u043e\u0446\u0435\u045a\u0435\u043d\u043e \u0432\u0440\u0435\u043c\u0435 \u0447\u0438\u0442\u0430\u045a\u0430":"3 \u043c\u0438\u043d\u0443\u0442\u0430"},"schema":{"@context":"https:\/\/schema.org","@graph":[{"@type":"WebPage","@id":"https:\/\/maritinastudios.com\/sr\/activities\/","url":"https:\/\/maritinastudios.com\/sr\/activities\/","name":"Aktivnosti - Maritina Studios Pefkohori Halkidiki Gr\u010dka","isPartOf":{"@id":"https:\/\/maritinastudios.com\/#website"},"primaryImageOfPage":{"@id":"https:\/\/maritinastudios.com\/sr\/activities\/#primaryimage"},"image":{"@id":"https:\/\/maritinastudios.com\/sr\/activities\/#primaryimage"},"thumbnailUrl":"https:\/\/maritinastudios.com\/wp-content\/uploads\/2022\/05\/toroneos-cruise-1024x683.jpg","datePublished":"2020-11-12T09:54:58+00:00","dateModified":"2023-12-04T10:38:51+00:00","description":"Halkidiki je idealan ako tra\u017eite ne\u0161to druga\u010dije. Prelepa priroda je jedinstvena za u\u017eivanje u \u0161etnji i izletima u \u0161umi","breadcrumb":{"@id":"https:\/\/maritinastudios.com\/sr\/activities\/#breadcrumb"},"inLanguage":"sr-RS","potentialAction":[{"@type":"ReadAction","target":["https:\/\/maritinastudios.com\/sr\/activities\/"]}]},{"@type":"ImageObject","inLanguage":"sr-RS","@id":"https:\/\/maritinastudios.com\/sr\/activities\/#primaryimage","url":"https:\/\/maritinastudios.com\/wp-content\/uploads\/2022\/05\/toroneos-cruise-1024x683.jpg","contentUrl":"https:\/\/maritinastudios.com\/wp-content\/uploads\/2022\/05\/toroneos-cruise-1024x683.jpg"},{"@type":"BreadcrumbList","@id":"https:\/\/maritinastudios.com\/sr\/activities\/#breadcrumb","itemListElement":[{"@type":"ListItem","position":1,"name":"Home","item":"https:\/\/maritinastudios.com\/sr\/"},{"@type":"ListItem","position":2,"name":"Aktivnosti"}]},{"@type":"WebSite","@id":"https:\/\/maritinastudios.com\/#website","url":"https:\/\/maritinastudios.com\/","name":"Maritina Studios","description":"Pefkohori Halkidiki Gr\u010dka","publisher":{"@id":"https:\/\/maritinastudios.com\/#organization"},"potentialAction":[{"@type":"SearchAction","target":{"@type":"EntryPoint","urlTemplate":"https:\/\/maritinastudios.com\/?s={search_term_string}"},"query-input":{"@type":"PropertyValueSpecification","valueRequired":true,"valueName":"search_term_string"}}],"inLanguage":"sr-RS"},{"@type":"Organization","@id":"https:\/\/maritinastudios.com\/#organization","name":"Maritina Studios Pefkochori","url":"https:\/\/maritinastudios.com\/","logo":{"@type":"ImageObject","inLanguage":"sr-RS","@id":"https:\/\/maritinastudios.com\/#\/schema\/logo\/image\/","url":"https:\/\/maritinastudios.com\/wp-content\/uploads\/2022\/05\/maritina-logo-3.png","contentUrl":"https:\/\/maritinastudios.com\/wp-content\/uploads\/2022\/05\/maritina-logo-3.png","width":250,"height":100,"caption":"Maritina Studios Pefkochori"},"image":{"@id":"https:\/\/maritinastudios.com\/#\/schema\/logo\/image\/"},"sameAs":["https:\/\/www.facebook.com\/maritiniastudios\/"]}]}},"_links":{"self":[{"href":"https:\/\/maritinastudios.com\/sr\/wp-json\/wp\/v2\/pages\/1047","targetHints":{"allow":["GET"]}}],"collection":[{"href":"https:\/\/maritinastudios.com\/sr\/wp-json\/wp\/v2\/pages"}],"about":[{"href":"https:\/\/maritinastudios.com\/sr\/wp-json\/wp\/v2\/types\/page"}],"author":[{"embeddable":true,"href":"https:\/\/maritinastudios.com\/sr\/wp-json\/wp\/v2\/users\/1"}],"replies":[{"embeddable":true,"href":"https:\/\/maritinastudios.com\/sr\/wp-json\/wp\/v2\/comments?post=1047"}],"version-history":[{"count":0,"href":"https:\/\/maritinastudios.com\/sr\/wp-json\/wp\/v2\/pages\/1047\/revisions"}],"wp:attachment":[{"href":"https:\/\/maritinastudios.com\/sr\/wp-json\/wp\/v2\/media?parent=1047"}],"curies":[{"name":"wp","href":"https:\/\/api.w.org\/{rel}","templated":true}]}}